{"id":922,"date":"2021-07-24T18:17:46","date_gmt":"2021-07-24T17:17:46","guid":{"rendered":"http:\/\/blog.chausson.ovh\/?page_id=922"},"modified":"2022-02-18T14:00:38","modified_gmt":"2022-02-18T13:00:38","slug":"mao","status":"publish","type":"page","link":"https:\/\/blog.chausson.ovh\/index.php\/mao\/","title":{"rendered":"MAO"},"content":{"rendered":"\n<p>Voici une modeste liste de sites pour faire de la musique sur votre PC.<\/p>\n\n\n\n<h2 class=\"wp-block-heading\" id=\"un-emulateur-roland-tb-303-tr-808\">Un \u00e9mulateur Roland TB-303 &amp; TR-808<\/h2>\n\n\n\n<p><a href=\"https:\/\/808303.studio\/\">https:\/\/808303.studio\/<\/a><\/p>\n\n\n\n<figure class=\"wp-block-image size-large is-style-default\"><a href=\"https:\/\/808303.studio\/\"><img loading=\"lazy\" decoding=\"async\" width=\"1024\" height=\"532\" src=\"https:\/\/blog.chausson.ovh\/wp-content\/uploads\/2021\/07\/image-1-1024x532.png\" alt=\"\" class=\"wp-image-931\" srcset=\"https:\/\/blog.chausson.ovh\/wp-content\/uploads\/2021\/07\/image-1-1024x532.png 1024w, https:\/\/blog.chausson.ovh\/wp-content\/uploads\/2021\/07\/image-1-300x156.png 300w, https:\/\/blog.chausson.ovh\/wp-content\/uploads\/2021\/07\/image-1-768x399.png 768w, https:\/\/blog.chausson.ovh\/wp-content\/uploads\/2021\/07\/image-1-1536x798.png 1536w, https:\/\/blog.chausson.ovh\/wp-content\/uploads\/2021\/07\/image-1-1200x623.png 1200w, https:\/\/blog.chausson.ovh\/wp-content\/uploads\/2021\/07\/image-1.png 1763w\" sizes=\"auto, (max-width: 709px) 85vw, (max-width: 909px) 67vw, (max-width: 1362px) 62vw, 840px\" \/><\/a><\/figure>\n\n\n\n<h2 class=\"wp-block-heading\" id=\"chrome-music-lab\"><strong>CHROME MUSIC LAB<\/strong><\/h2>\n\n\n\n<p>Une multitude d&rsquo;application pour faire de la musique depuis Google Chrome<\/p>\n\n\n\n<p><a href=\"https:\/\/musiclab.chromeexperiments.com\/\">https:\/\/musiclab.chromeexperiments.com\/<\/a><\/p>\n\n\n\n<h2 class=\"wp-block-heading\" id=\"scan-sequencer\">Scan Sequencer&nbsp;<\/h2>\n\n\n\n<p>Une exp\u00e9rience musicale avec votre WebCam<\/p>\n\n\n\n<p><a href=\"https:\/\/jeonghopark.github.io\/scanseqjs\/\">https:\/\/jeonghopark.github.io\/scanseqjs\/<\/a><\/p>\n\n\n\n<h2 class=\"wp-block-heading\" id=\"shared-piano\">Shared Piano<\/h2>\n\n\n\n<p>Une autre exp\u00e9rience, faire du piano \u00e0 plusieurs et&#8230; \u00e0 distance<\/p>\n\n\n\n<p><a href=\"https:\/\/experiments.withgoogle.com\/shared-piano\">https:\/\/experiments.withgoogle.com\/shared-piano<\/a><\/p>\n\n\n\n<h2 class=\"wp-block-heading\" id=\"incredibox\">Incredibox<\/h2>\n\n\n\n<p>Mon appli pr\u00e9f\u00e9r\u00e9e. Version web ou appli \u00e0 t\u00e9l\u00e9charger sous Windows. <\/p>\n\n\n\n<p>Aussi simple que Fun. <\/p>\n\n\n\n<p>50% du contenu est gratuit, le reste est payant. Le prix est cependant modeste ; j&rsquo;ai d&rsquo;ailleurs craqu\u00e9 \ud83d\ude09 (4,99 \u20ac sur le Windows Store)<\/p>\n\n\n\n<p><a href=\"https:\/\/www.incredibox.com\/\">https:\/\/www.incredibox.com\/<\/a> <\/p>\n\n\n\n<figure class=\"wp-block-image size-large\"><a href=\"https:\/\/www.incredibox.com\/\" target=\"_blank\" rel=\"noopener\"><img loading=\"lazy\" decoding=\"async\" width=\"686\" height=\"708\" src=\"https:\/\/blog.chausson.ovh\/wp-content\/uploads\/2021\/07\/image.png\" alt=\"\" class=\"wp-image-924\" srcset=\"https:\/\/blog.chausson.ovh\/wp-content\/uploads\/2021\/07\/image.png 686w, https:\/\/blog.chausson.ovh\/wp-content\/uploads\/2021\/07\/image-291x300.png 291w\" sizes=\"auto, (max-width: 686px) 85vw, 686px\" \/><\/a><\/figure>\n\n\n\n<p>A tester d&rsquo;urgence !<\/p>\n\n\n\n<h2 class=\"wp-block-heading\" id=\"sonic-pi\">Sonic Pi<\/h2>\n\n\n\n<p>Si vous voulez coder de la musique. Le code ex\u00e9cute en live la musique. Il faut y investir un peu de temps mais le r\u00e9sultat peut \u00eatre int\u00e9ressant.<\/p>\n\n\n\n<p>Je vous envoie chez Korben pour plus d&rsquo;info :<\/p>\n\n\n\n<p><a href=\"https:\/\/korben.info\/coder-musique-sonic-pi.html\">https:\/\/korben.info\/coder-musique-sonic-pi.html<\/a><\/p>\n","protected":false},"excerpt":{"rendered":"<p>Voici une modeste liste de sites pour faire de la musique sur votre PC. Un \u00e9mulateur Roland TB-303 &amp; TR-808 https:\/\/808303.studio\/ CHROME MUSIC LAB Une multitude d&rsquo;application pour faire de la musique depuis Google Chrome https:\/\/musiclab.chromeexperiments.com\/ Scan Sequencer&nbsp; Une exp\u00e9rience musicale avec votre WebCam https:\/\/jeonghopark.github.io\/scanseqjs\/ Shared Piano Une autre exp\u00e9rience, faire du piano \u00e0 plusieurs &hellip; <a href=\"https:\/\/blog.chausson.ovh\/index.php\/mao\/\" class=\"more-link\">Continuer la lecture<span class=\"screen-reader-text\"> de &laquo;&nbsp;MAO&nbsp;&raquo;<\/span><\/a><\/p>\n","protected":false},"author":2,"featured_media":0,"parent":0,"menu_order":0,"comment_status":"closed","ping_status":"closed","template":"","meta":{"footnotes":""},"class_list":["post-922","page","type-page","status-publish","hentry"],"_links":{"self":[{"href":"https:\/\/blog.chausson.ovh\/index.php\/wp-json\/wp\/v2\/pages\/922","targetHints":{"allow":["GET"]}}],"collection":[{"href":"https:\/\/blog.chausson.ovh\/index.php\/wp-json\/wp\/v2\/pages"}],"about":[{"href":"https:\/\/blog.chausson.ovh\/index.php\/wp-json\/wp\/v2\/types\/page"}],"author":[{"embeddable":true,"href":"https:\/\/blog.chausson.ovh\/index.php\/wp-json\/wp\/v2\/users\/2"}],"replies":[{"embeddable":true,"href":"https:\/\/blog.chausson.ovh\/index.php\/wp-json\/wp\/v2\/comments?post=922"}],"version-history":[{"count":7,"href":"https:\/\/blog.chausson.ovh\/index.php\/wp-json\/wp\/v2\/pages\/922\/revisions"}],"predecessor-version":[{"id":1153,"href":"https:\/\/blog.chausson.ovh\/index.php\/wp-json\/wp\/v2\/pages\/922\/revisions\/1153"}],"wp:attachment":[{"href":"https:\/\/blog.chausson.ovh\/index.php\/wp-json\/wp\/v2\/media?parent=922"}],"curies":[{"name":"wp","href":"https:\/\/api.w.org\/{rel}","templated":true}]}}