{"id":2594,"date":"2025-01-02T21:25:43","date_gmt":"2025-01-02T20:25:43","guid":{"rendered":"https:\/\/blog.chausson.ovh\/?page_id=2594"},"modified":"2025-01-28T18:16:09","modified_gmt":"2025-01-28T17:16:09","slug":"pays-bas-janvier-25","status":"publish","type":"page","link":"https:\/\/blog.chausson.ovh\/index.php\/pays-bas-janvier-25\/","title":{"rendered":"Pays-Bas &#8211; Janvier 25"},"content":{"rendered":"\n<h2 class=\"wp-block-heading\">Jour 1 &#8211; jeudi 02 janvier 2025<\/h2>\n\n\n\n<p><\/p>\n\n\n\n<span class=\"collapseomatic \" id=\"id69fb131825862\"  tabindex=\"0\" title=\"Plier\/D\u00e9plier\"    >Plier\/D\u00e9plier<\/span><div id=\"target-id69fb131825862\" class=\"collapseomatic_content \">\n\n\n\n<p><\/p>\n\n\n\n<p>Bonjour \u00e0 tous.<\/p>\n\n\n\n<p>Nous sommes partis ce matin de Pecquencourt direction les Pays-Bas.<br>Travers\u00e9e de la Belgique sans encombre puis peu apr\u00e8s le Kennedy Tunnel, nous arrivons dans le \u00ab\u00a0Nederland\u00a0\u00bb.<\/p>\n\n\n\n<p>Premier objectif, visiter la ville de \u00ab\u00a0Gouda\u00a0\u00bb. Nous nous garons \u00e0 cot\u00e9 de la gare ferroviaire puis continuons \u00e0 pieds.<br>Nous traversons la route puis le canal qui fait le tour de la ville.<br>Repas Bagels de Gouda avec un caf\u00e9 que nous devons \u00e9courter\u2026 La \u00ab\u00a0Gouda visit Experience\u00a0\u00bb commence \u00e0 15h.<\/p>\n\n\n\n<p>Il s&rsquo;agit de d\u00e9couvrir l&rsquo;histoire de la ville puis d&rsquo;entrer dans une meule g\u00e9ante\u2026<br>A partir de l\u00e0, notre audio guide nous explique les origines puis comment le gouda est fabriqu\u00e9.<br>Nous finissons par une d\u00e9gustation de 5 types de gouda.<br>Savez-vous que la production de gouda repr\u00e9sente 550 000 000 de meules de 12.5 kilos chacune ?<\/p>\n\n\n\n<figure class=\"wp-block-image size-large is-resized\"><img loading=\"lazy\" decoding=\"async\" width=\"768\" height=\"1024\" src=\"https:\/\/blog.chausson.ovh\/wp-content\/uploads\/2025\/01\/IMG_20250102_164155-768x1024.jpg\" alt=\"\" class=\"wp-image-2601\" style=\"width:388px;height:auto\" srcset=\"https:\/\/blog.chausson.ovh\/wp-content\/uploads\/2025\/01\/IMG_20250102_164155-768x1024.jpg 768w, https:\/\/blog.chausson.ovh\/wp-content\/uploads\/2025\/01\/IMG_20250102_164155-225x300.jpg 225w, https:\/\/blog.chausson.ovh\/wp-content\/uploads\/2025\/01\/IMG_20250102_164155.jpg 800w\" sizes=\"auto, (max-width: 768px) 85vw, 768px\" \/><\/figure>\n\n\n\n<p>Evidemment, nous finissons par la boutique pour acheter un beau morceau de vieux gouda.<br>\u00ab\u00a0Grace\u00a0\u00bb au quizz rempli par Elo\u00efse, nous b\u00e9n\u00e9ficions de 10% de r\u00e9duction.<\/p>\n\n\n\n<figure class=\"wp-block-image size-full\"><img loading=\"lazy\" decoding=\"async\" width=\"800\" height=\"599\" src=\"https:\/\/blog.chausson.ovh\/wp-content\/uploads\/2025\/01\/IMG_20250102_162937.jpg\" alt=\"\" class=\"wp-image-2602\" srcset=\"https:\/\/blog.chausson.ovh\/wp-content\/uploads\/2025\/01\/IMG_20250102_162937.jpg 800w, https:\/\/blog.chausson.ovh\/wp-content\/uploads\/2025\/01\/IMG_20250102_162937-300x225.jpg 300w, https:\/\/blog.chausson.ovh\/wp-content\/uploads\/2025\/01\/IMG_20250102_162937-768x575.jpg 768w\" sizes=\"auto, (max-width: 800px) 85vw, 800px\" \/><\/figure>\n\n\n\n<p>Une fois sorti du mus\u00e9e, il fait d\u00e9j\u00e0 noir. Nous nous dirigeons vers la place du march\u00e9, o\u00f9 le fromage est vendu depuis le moyen-\u00e2ge.<br>C&rsquo;est encore d&rsquo;actualit\u00e9 mais d\u00e9sormais uniquement \u00e0 partir du printemps.<\/p>\n\n\n\n<p>La place avec une patinoire qui en fait le tour est anim\u00e9e. L&rsquo;\u00e9glise principale (Sint-Janskerk) est long\u00e9e par les canaux.<br>L&rsquo;\u00e9clairage de No\u00ebl toujours install\u00e9 rend les lieux tr\u00e8s chaleureux.<br>Nous essayons les r\u00e9glages de la cam\u00e9ra pour filmer dans l&rsquo;obscurit\u00e9.<\/p>\n\n\n\n<p>De retour \u00e0 la voiture sous une fine pluie froide, nous nous dirigeons vers notre h\u00e9bergement \u00e0 Bodegraven \u00e0 25 minutes de Gouda.<br>Pour la premi\u00e8re fois, nous serons log\u00e9s sur une p\u00e9niche. La route pour y arriver est sinueuse et longe la \u00ab\u00a0Meje\u00a0\u00bb, petit court d&rsquo;eau bien calme.<\/p>\n\n\n\n<p>La \u00ab\u00a0House Boat\u00a0\u00bb est vraiment grande et confortable, plus grande que beaucoup des h\u00e9bergements airBnB que nous avons test\u00e9.<\/p>\n\n\n\n<p>Elo\u00efse est partie r\u00e9viser pour toute la soir\u00e9e.<\/p>\n\n\n\n<p>Le programme de la soir\u00e9e : Terminator Dark Fate (T3) de 2019 sur Netflix. L&rsquo;\u00e9cran de la TV est super grand et le film assez sympa sans \u00eatre tr\u00e8s surprenant.<\/p>\n\n\n\n<p><\/p>\n\n\n\n<p>A demain.<\/p>\n\n\n\n<p><em>Thomas<\/em><\/p>\n\n\n\n<p><\/p>\n\n\n\n<\/div>\n\n\n\n<h2 class=\"wp-block-heading\">Jour 2 &#8211; vendredi 03 janvier 2025<\/h2>\n\n\n\n<p><\/p>\n\n\n\n<span class=\"collapseomatic \" id=\"id69fb131825c60\"  tabindex=\"0\" title=\"Plier\/D\u00e9plier\"    >Plier\/D\u00e9plier<\/span><div id=\"target-id69fb131825c60\" class=\"collapseomatic_content \">\n\n\n\n<p><\/p>\n\n\n\n<p>Bonjour \u00e0 tous.<\/p>\n\n\n\n<p>Aujourd&rsquo;hui, direction Utrecht.<\/p>\n\n\n\n<p>Ce matin, il fait beau et les canards passent devant notre p\u00e9niche.<\/p>\n\n\n\n<p>Nous partons en voiture pour le parking Hoog Catharijne qui est sous le Mall (centre commercial) du m\u00eame nom.<\/p>\n\n\n\n<p>Utrecht est la quatri\u00e8me ville du pays. Elle compte plus de 340 000 habitants.<\/p>\n\n\n\n<p>La Vecht, un des bras du Rhin traverse la ville.<\/p>\n\n\n\n<p>Nous mangeons des omelettes, des wraps et hot Breakfast dans un sympathique restaurant du centre commercial. Nous demandons de l&rsquo;eau et nous recevons chacun un petite bouteille en verre de 25cl avec une paille. \u00ab\u00a0Spa\u00a0\u00bb, marque belge, doit \u00eatre la marque d&rsquo;eau la plus raffin\u00e9e ici ; 3.5 \u20ac la bouteille (soit 14\u20ac du litre).<\/p>\n\n\n\n<figure class=\"wp-block-image size-large\"><img loading=\"lazy\" decoding=\"async\" width=\"576\" height=\"1024\" src=\"https:\/\/blog.chausson.ovh\/wp-content\/uploads\/2025\/01\/WhatsApp-Image-2025-01-03-at-19.18.40-1-576x1024.jpeg\" alt=\"\" class=\"wp-image-2621\" srcset=\"https:\/\/blog.chausson.ovh\/wp-content\/uploads\/2025\/01\/WhatsApp-Image-2025-01-03-at-19.18.40-1-576x1024.jpeg 576w, https:\/\/blog.chausson.ovh\/wp-content\/uploads\/2025\/01\/WhatsApp-Image-2025-01-03-at-19.18.40-1-169x300.jpeg 169w, https:\/\/blog.chausson.ovh\/wp-content\/uploads\/2025\/01\/WhatsApp-Image-2025-01-03-at-19.18.40-1-768x1366.jpeg 768w, https:\/\/blog.chausson.ovh\/wp-content\/uploads\/2025\/01\/WhatsApp-Image-2025-01-03-at-19.18.40-1.jpeg 800w\" sizes=\"auto, (max-width: 576px) 85vw, 576px\" \/><figcaption class=\"wp-element-caption\">Petite rue d&rsquo;Utrecht avec le Dom de la cath\u00e9drale derri\u00e8re<\/figcaption><\/figure>\n\n\n\n<p>Nous visitons la cath\u00e9drale gothique Saint Martin (datant de 1254) qui a un plan particulier, pas de porte dans l&rsquo;alignement de l&rsquo;Autel. La nef s&rsquo;\u00e9croula en effet lors d&rsquo;une tornade en 1674. La cath\u00e9drale semble donc maintenant plus haute que longue. Un orgue majestueux se trouve \u00e0 la place de l&rsquo;entr\u00e9e. Pas vraiment de sculpture en \u00e9tat ni m\u00eame de tableaux. Certaines statues sont d\u00e9figur\u00e9es depuis la r\u00e9forme protestante.<\/p>\n\n\n\n<figure class=\"wp-block-image size-large\"><img loading=\"lazy\" decoding=\"async\" width=\"578\" height=\"1024\" src=\"https:\/\/blog.chausson.ovh\/wp-content\/uploads\/2025\/01\/1000001921-578x1024.jpg\" alt=\"\" class=\"wp-image-2628\" srcset=\"https:\/\/blog.chausson.ovh\/wp-content\/uploads\/2025\/01\/1000001921-578x1024.jpg 578w, https:\/\/blog.chausson.ovh\/wp-content\/uploads\/2025\/01\/1000001921-169x300.jpg 169w, https:\/\/blog.chausson.ovh\/wp-content\/uploads\/2025\/01\/1000001921.jpg 637w\" sizes=\"auto, (max-width: 578px) 85vw, 578px\" \/><\/figure>\n\n\n\n<p>La tour de la cath\u00e9drale n&rsquo;est pas visitable ce jour. Le panorama doit \u00eatre impressionnant du haut des 112 m\u00e8tres.<\/p>\n\n\n\n<figure class=\"wp-block-image size-full\"><img loading=\"lazy\" decoding=\"async\" width=\"1024\" height=\"778\" src=\"https:\/\/blog.chausson.ovh\/wp-content\/uploads\/2025\/01\/image.png\" alt=\"\" class=\"wp-image-2624\" srcset=\"https:\/\/blog.chausson.ovh\/wp-content\/uploads\/2025\/01\/image.png 1024w, https:\/\/blog.chausson.ovh\/wp-content\/uploads\/2025\/01\/image-300x228.png 300w, https:\/\/blog.chausson.ovh\/wp-content\/uploads\/2025\/01\/image-768x584.png 768w\" sizes=\"auto, (max-width: 709px) 85vw, (max-width: 909px) 67vw, (max-width: 1362px) 62vw, 840px\" \/><figcaption class=\"wp-element-caption\">Plan de la cath\u00e9drale d&rsquo;Utrecht :<br>En 1. : la tour ; <strong>en 2. : l&#8217;emplacement de la nef disparue<\/strong> ; en 3. : la crois\u00e9e du transept<\/figcaption><\/figure>\n\n\n\n<p>Nous empruntons la rue des mus\u00e9es pour visiter le \u00ab\u00a0Centraal Museum\u00a0\u00bb. L&rsquo;exposition principale m\u00e9lange dans chaque pi\u00e8ce l&rsquo;art classique ou religieux avec de l&rsquo;art moderne ou contemporain. La peinture de <a href=\"https:\/\/fr.wikipedia.org\/wiki\/%C3%89cole_caravagesque_d%27Utrecht\" target=\"_blank\" rel=\"noreferrer noopener\">l&rsquo;\u00e9cole d&rsquo;Utrecht<\/a> est bien entendu mise \u00e0 l&rsquo;honneur.<\/p>\n\n\n\n<figure class=\"wp-block-image size-large\"><img loading=\"lazy\" decoding=\"async\" width=\"576\" height=\"1024\" src=\"https:\/\/blog.chausson.ovh\/wp-content\/uploads\/2025\/01\/WhatsApp-Image-2025-01-03-at-19.18.38-576x1024.jpeg\" alt=\"\" class=\"wp-image-2623\" srcset=\"https:\/\/blog.chausson.ovh\/wp-content\/uploads\/2025\/01\/WhatsApp-Image-2025-01-03-at-19.18.38-576x1024.jpeg 576w, https:\/\/blog.chausson.ovh\/wp-content\/uploads\/2025\/01\/WhatsApp-Image-2025-01-03-at-19.18.38-169x300.jpeg 169w, https:\/\/blog.chausson.ovh\/wp-content\/uploads\/2025\/01\/WhatsApp-Image-2025-01-03-at-19.18.38-768x1366.jpeg 768w, https:\/\/blog.chausson.ovh\/wp-content\/uploads\/2025\/01\/WhatsApp-Image-2025-01-03-at-19.18.38.jpeg 800w\" sizes=\"auto, (max-width: 576px) 85vw, 576px\" \/><figcaption class=\"wp-element-caption\">Une \u0153uvre du Centraal Museum<\/figcaption><\/figure>\n\n\n\n<p>Nous revenons r\u00e9cup\u00e9rer notre voiture dans l&rsquo;immense parking. Sur l&rsquo;autoroute, nous sommes encore \u00e9tonn\u00e9s de la largeur des routes. Jusqu&rsquo;\u00e0 6 voies parall\u00e8les plus une nationale \u00e0 cot\u00e9&#8230; pas de bouchon ce soir.<\/p>\n\n\n\n<p>Repas ensemble dans la HouseBoat puis examen blanc \u00e0 distance pour l&rsquo;option d&rsquo;Elo\u00efse (Sciences du m\u00e9dicament).<\/p>\n\n\n\n<p>Bonne soir\u00e9e et \u00e0 demain.<\/p>\n\n\n\n<p><em>Thomas<\/em><\/p>\n\n\n\n<p><\/p>\n\n\n\n<p> <\/div>\n\n\n\n<p><\/p>\n\n\n\n<h2 class=\"wp-block-heading\">Jour 3 &#8211; samedi 04 janvier 2025<\/h2>\n\n\n\n<p><\/p>\n\n\n\n<span class=\"collapseomatic \" id=\"id69fb131825fad\"  tabindex=\"0\" title=\"Plier\/D\u00e9plier\"    >Plier\/D\u00e9plier<\/span><div id=\"target-id69fb131825fad\" class=\"collapseomatic_content \">\n\n\n\n<p><\/p>\n\n\n\n<p>Bonjour \u00e0 tous,<\/p>\n\n\n\n<p>Aujourd&rsquo;hui, matin\u00e9e tranquille dans notre Boat House avant de partir pour Rotterdam, \u00e0 30 minutes de voiture.<\/p>\n\n\n\n<p>Nous arrivons vers 12h au niveau de l&rsquo;impressionnant pont Erasmus et partons faire un tour au centre ville. On peut observer les \u00ab\u00a0Maisons Cubiques\u00a0\u00bb embl\u00e9matiques de Rotterdam. Perch\u00e9es en hauteur, elles sont pench\u00e9es \u00e0 45\u00b0, avec un r\u00e9sultat assez surprenant. <\/p>\n\n\n\n<figure class=\"wp-block-image size-full\"><img loading=\"lazy\" decoding=\"async\" width=\"800\" height=\"600\" src=\"https:\/\/blog.chausson.ovh\/wp-content\/uploads\/2025\/01\/IMG_20250104_140648.jpg\" alt=\"\" class=\"wp-image-2648\" srcset=\"https:\/\/blog.chausson.ovh\/wp-content\/uploads\/2025\/01\/IMG_20250104_140648.jpg 800w, https:\/\/blog.chausson.ovh\/wp-content\/uploads\/2025\/01\/IMG_20250104_140648-300x225.jpg 300w, https:\/\/blog.chausson.ovh\/wp-content\/uploads\/2025\/01\/IMG_20250104_140648-768x576.jpg 768w\" sizes=\"auto, (max-width: 800px) 85vw, 800px\" \/><figcaption class=\"wp-element-caption\">Le pont Erasmus<\/figcaption><\/figure>\n\n\n\n<figure class=\"wp-block-image size-full\"><img loading=\"lazy\" decoding=\"async\" width=\"800\" height=\"450\" src=\"https:\/\/blog.chausson.ovh\/wp-content\/uploads\/2025\/01\/WhatsApp-Image-2025-01-04-at-23.12.35.jpeg\" alt=\"\" class=\"wp-image-2646\" srcset=\"https:\/\/blog.chausson.ovh\/wp-content\/uploads\/2025\/01\/WhatsApp-Image-2025-01-04-at-23.12.35.jpeg 800w, https:\/\/blog.chausson.ovh\/wp-content\/uploads\/2025\/01\/WhatsApp-Image-2025-01-04-at-23.12.35-300x169.jpeg 300w, https:\/\/blog.chausson.ovh\/wp-content\/uploads\/2025\/01\/WhatsApp-Image-2025-01-04-at-23.12.35-768x432.jpeg 768w\" sizes=\"auto, (max-width: 800px) 85vw, 800px\" \/><figcaption class=\"wp-element-caption\">Les maisons cubiques<\/figcaption><\/figure>\n\n\n\n<p>Nous entrons dans un centre commercial. Au milieu de boutiques de nourriture, nous trouvons sur un stand de street-food indienne des \u00ab\u00a0Cheese Rolls\u00a0\u00bb, wraps avec du fromage indien, des l\u00e9gumes et de la sauce curry. Nous les mangeons sur notre trajet vers notre prochaine \u00e9tape.<\/p>\n\n\n\n<p>Nous embarquons dans un grand bateau au bord de la ville, qui nous emm\u00e8ne longer le port. Frigorifi\u00e9s, nous en profitons pour prendre des boissons chaudes. Lors d&rsquo;un parcours de plus d&rsquo;une heure, nous observons de nombreux monuments, avec des commentaires dans le bateau. <\/p>\n\n\n\n<figure class=\"wp-block-image size-full\"><img loading=\"lazy\" decoding=\"async\" width=\"800\" height=\"450\" src=\"https:\/\/blog.chausson.ovh\/wp-content\/uploads\/2025\/01\/WhatsApp-Image-2025-01-04-at-23.12.36.jpeg\" alt=\"\" class=\"wp-image-2647\" srcset=\"https:\/\/blog.chausson.ovh\/wp-content\/uploads\/2025\/01\/WhatsApp-Image-2025-01-04-at-23.12.36.jpeg 800w, https:\/\/blog.chausson.ovh\/wp-content\/uploads\/2025\/01\/WhatsApp-Image-2025-01-04-at-23.12.36-300x169.jpeg 300w, https:\/\/blog.chausson.ovh\/wp-content\/uploads\/2025\/01\/WhatsApp-Image-2025-01-04-at-23.12.36-768x432.jpeg 768w\" sizes=\"auto, (max-width: 800px) 85vw, 800px\" \/><figcaption class=\"wp-element-caption\">Croisi\u00e8re d\u00e9couverte du port, environ 75 minutes <\/figcaption><\/figure>\n\n\n\n<figure class=\"wp-block-image size-full\"><img loading=\"lazy\" decoding=\"async\" width=\"800\" height=\"600\" src=\"https:\/\/blog.chausson.ovh\/wp-content\/uploads\/2025\/01\/IMG_20250104_140034.jpg\" alt=\"\" class=\"wp-image-2649\" srcset=\"https:\/\/blog.chausson.ovh\/wp-content\/uploads\/2025\/01\/IMG_20250104_140034.jpg 800w, https:\/\/blog.chausson.ovh\/wp-content\/uploads\/2025\/01\/IMG_20250104_140034-300x225.jpg 300w, https:\/\/blog.chausson.ovh\/wp-content\/uploads\/2025\/01\/IMG_20250104_140034-768x576.jpg 768w\" sizes=\"auto, (max-width: 800px) 85vw, 800px\" \/><figcaption class=\"wp-element-caption\">Caf\u00e9s et chocolats dans le bateau<\/figcaption><\/figure>\n\n\n\n<p>On croise quelques bateaux \u00e9tranges : <\/p>\n\n\n\n<ul class=\"wp-block-list\">\n<li>un bus amphibie jaune navigue pr\u00e8s de nous. C&rsquo;est une fa\u00e7on \u00e9tonnante de d\u00e9couvrir le port puis ensuite la ville sans bouger de son si\u00e8ge<\/li>\n\n\n\n<li>nous sommes \u00e9galement amus\u00e9s de voir des personnes en maillot de bain dans des bassins flottants sur le fleuve, comme des bateaux \u00e0 moteur remplis d&rsquo;eau chaude, par une temp\u00e9rature ext\u00e9rieure de 4\u00b0C. En brulant quelques petites buches, une machine \u00e0 vapeur fait tourner le moteur et \u00e9galement chauffer l&rsquo;eau.<\/li>\n<\/ul>\n\n\n\n<figure class=\"wp-block-image size-full\"><img loading=\"lazy\" decoding=\"async\" width=\"800\" height=\"450\" src=\"https:\/\/blog.chausson.ovh\/wp-content\/uploads\/2025\/01\/WhatsApp-Image-2025-01-04-at-23.13.42.jpeg\" alt=\"\" class=\"wp-image-2645\" srcset=\"https:\/\/blog.chausson.ovh\/wp-content\/uploads\/2025\/01\/WhatsApp-Image-2025-01-04-at-23.13.42.jpeg 800w, https:\/\/blog.chausson.ovh\/wp-content\/uploads\/2025\/01\/WhatsApp-Image-2025-01-04-at-23.13.42-300x169.jpeg 300w, https:\/\/blog.chausson.ovh\/wp-content\/uploads\/2025\/01\/WhatsApp-Image-2025-01-04-at-23.13.42-768x432.jpeg 768w\" sizes=\"auto, (max-width: 800px) 85vw, 800px\" \/><figcaption class=\"wp-element-caption\">Le bateau-bain<\/figcaption><\/figure>\n\n\n\n<figure class=\"wp-block-image size-full\"><img loading=\"lazy\" decoding=\"async\" width=\"800\" height=\"450\" src=\"https:\/\/blog.chausson.ovh\/wp-content\/uploads\/2025\/01\/WhatsApp-Image-2025-01-04-at-23.13.41.jpeg\" alt=\"\" class=\"wp-image-2651\" srcset=\"https:\/\/blog.chausson.ovh\/wp-content\/uploads\/2025\/01\/WhatsApp-Image-2025-01-04-at-23.13.41.jpeg 800w, https:\/\/blog.chausson.ovh\/wp-content\/uploads\/2025\/01\/WhatsApp-Image-2025-01-04-at-23.13.41-300x169.jpeg 300w, https:\/\/blog.chausson.ovh\/wp-content\/uploads\/2025\/01\/WhatsApp-Image-2025-01-04-at-23.13.41-768x432.jpeg 768w\" sizes=\"auto, (max-width: 800px) 85vw, 800px\" \/><figcaption class=\"wp-element-caption\">Un garage \u00e0 v\u00e9los rotterdamois<\/figcaption><\/figure>\n\n\n\n<p>De retour dans la ville, nous partons vers le quartier de l&rsquo;ancien port, Delfshaven. On passe devant le Depot Boijmans, pour revenir vers le centre par le quartier \u00ab\u00a0Witte\u00a0\u00bb. Il fait d\u00e9j\u00e0 nuit mais les rues sont encore \u00e9clair\u00e9es par les d\u00e9corations de No\u00ebl et sont tr\u00e8s anim\u00e9es.<\/p>\n\n\n\n<figure class=\"wp-block-image size-large\"><img loading=\"lazy\" decoding=\"async\" width=\"575\" height=\"1024\" src=\"https:\/\/blog.chausson.ovh\/wp-content\/uploads\/2025\/01\/WhatsApp-Image-2025-01-04-at-23.13.40-575x1024.jpeg\" alt=\"\" class=\"wp-image-2652\" srcset=\"https:\/\/blog.chausson.ovh\/wp-content\/uploads\/2025\/01\/WhatsApp-Image-2025-01-04-at-23.13.40-575x1024.jpeg 575w, https:\/\/blog.chausson.ovh\/wp-content\/uploads\/2025\/01\/WhatsApp-Image-2025-01-04-at-23.13.40-169x300.jpeg 169w, https:\/\/blog.chausson.ovh\/wp-content\/uploads\/2025\/01\/WhatsApp-Image-2025-01-04-at-23.13.40-768x1367.jpeg 768w, https:\/\/blog.chausson.ovh\/wp-content\/uploads\/2025\/01\/WhatsApp-Image-2025-01-04-at-23.13.40.jpeg 800w\" sizes=\"auto, (max-width: 575px) 85vw, 575px\" \/><figcaption class=\"wp-element-caption\">Les lumi\u00e8res de la ville se refl\u00e8tent dans le \u00ab\u00a0Depot Boijmans\u00a0\u00bb<\/figcaption><\/figure>\n\n\n\n<p>On rejoint l&rsquo;Erasmusbrug (pont d&rsquo;Erasmus) pour retrouver la voiture et repartir chez nous \u00e0 Bodegraven. <\/p>\n\n\n\n<p>Cette derni\u00e8re soir\u00e9e, on avance sur les devoirs\/r\u00e9visions pendant que les parents regardent un film chinois.<\/p>\n\n\n\n<p>Bonne nuit et \u00e0 demain !<\/p>\n\n\n\n<p>Elo\u00efse<\/p>\n\n\n\n<\/div>\n\n\n\n<h2 class=\"wp-block-heading\">Jour 4 &#8211; dimanche 05 janvier 2025<\/h2>\n\n\n\n<p><\/p>\n\n\n\n<span class=\"collapseomatic \" id=\"id69fb1318262da\"  tabindex=\"0\" title=\"Plier\/D\u00e9plier\"    >Plier\/D\u00e9plier<\/span><div id=\"target-id69fb1318262da\" class=\"collapseomatic_content \">\n\n\n\n<p>Bonjour,<\/p>\n\n\n\n<p>4\u00e8me et dernier jour aux Pays-Bas.<\/p>\n\n\n\n<p>Nous pensions faire une balade \u00e0 proximit\u00e9 de l&rsquo;h\u00e9bergement pour finir notre s\u00e9jour. Cependant, \u00e0 notre r\u00e9veil, il neige.<\/p>\n\n\n\n<p>Nous optons donc pour revoir Gouda et y manger ce midi. La temp\u00e9rature remonte un peu mais il ne va pas cesser de pleuvoir de la journ\u00e9e. Nous sommes \u00e9quip\u00e9s avec nos parapluies, gants et bonnets.<\/p>\n\n\n\n<p>Nous faisons le tour de l&rsquo;\u00e9glise Sint Jan et passons dans les rues commer\u00e7antes. La statue d&rsquo;Erasmus, personnalit\u00e9 de la ville, est coiff\u00e9e d&rsquo;une rigolote calotte de neige.<\/p>\n\n\n\n<figure class=\"wp-block-image size-full\"><img loading=\"lazy\" decoding=\"async\" width=\"450\" height=\"800\" src=\"https:\/\/blog.chausson.ovh\/wp-content\/uploads\/2025\/01\/WhatsApp-Image-2025-01-05-at-18.57.52.jpeg\" alt=\"\" class=\"wp-image-2664\" srcset=\"https:\/\/blog.chausson.ovh\/wp-content\/uploads\/2025\/01\/WhatsApp-Image-2025-01-05-at-18.57.52.jpeg 450w, https:\/\/blog.chausson.ovh\/wp-content\/uploads\/2025\/01\/WhatsApp-Image-2025-01-05-at-18.57.52-169x300.jpeg 169w\" sizes=\"auto, (max-width: 450px) 85vw, 450px\" \/><figcaption class=\"wp-element-caption\">Eglise Sint Jan et la statue d&rsquo;Erasmus<\/figcaption><\/figure>\n\n\n\n<p>Sur la place du march\u00e9 aux fromages, nous trouvons un restaurant qui nous accueille au chaud et au sec. On y mange des plats typiques : croquettes v\u00e9g\u00e9, tartines de gouda vieux avec salade. Un bon petit dessert puis un caf\u00e9 avant de reprendre la route.<\/p>\n\n\n\n<p>Petit arr\u00eat \u00e0 Lille pour y d\u00e9poser Elo\u00efse avant de revenir chez nous.<\/p>\n\n\n\n<p>Merci d&rsquo;avoir suivi cette courte aventure. A la prochaine.<\/p>\n\n\n\n<p><em>Thomas<\/em><\/p>\n\n\n\n<\/div>\n","protected":false},"excerpt":{"rendered":"<p>Jour 1 &#8211; jeudi 02 janvier 2025 Jour 2 &#8211; vendredi 03 janvier 2025 Jour 3 &#8211; samedi 04 janvier 2025 Jour 4 &#8211; dimanche 05 janvier 2025<\/p>\n","protected":false},"author":2,"featured_media":0,"parent":0,"menu_order":0,"comment_status":"closed","ping_status":"closed","template":"","meta":{"footnotes":""},"class_list":["post-2594","page","type-page","status-publish","hentry"],"_links":{"self":[{"href":"https:\/\/blog.chausson.ovh\/index.php\/wp-json\/wp\/v2\/pages\/2594","targetHints":{"allow":["GET"]}}],"collection":[{"href":"https:\/\/blog.chausson.ovh\/index.php\/wp-json\/wp\/v2\/pages"}],"about":[{"href":"https:\/\/blog.chausson.ovh\/index.php\/wp-json\/wp\/v2\/types\/page"}],"author":[{"embeddable":true,"href":"https:\/\/blog.chausson.ovh\/index.php\/wp-json\/wp\/v2\/users\/2"}],"replies":[{"embeddable":true,"href":"https:\/\/blog.chausson.ovh\/index.php\/wp-json\/wp\/v2\/comments?post=2594"}],"version-history":[{"count":47,"href":"https:\/\/blog.chausson.ovh\/index.php\/wp-json\/wp\/v2\/pages\/2594\/revisions"}],"predecessor-version":[{"id":2673,"href":"https:\/\/blog.chausson.ovh\/index.php\/wp-json\/wp\/v2\/pages\/2594\/revisions\/2673"}],"wp:attachment":[{"href":"https:\/\/blog.chausson.ovh\/index.php\/wp-json\/wp\/v2\/media?parent=2594"}],"curies":[{"name":"wp","href":"https:\/\/api.w.org\/{rel}","templated":true}]}}