{"id":252,"date":"2020-02-13T22:12:43","date_gmt":"2020-02-13T21:12:43","guid":{"rendered":"http:\/\/blog.chausson.ovh\/?page_id=252"},"modified":"2021-02-17T23:22:15","modified_gmt":"2021-02-17T22:22:15","slug":"langage-markdown","status":"publish","type":"page","link":"https:\/\/blog.chausson.ovh\/index.php\/langage-markdown\/","title":{"rendered":"Langage **MarkDown**"},"content":{"rendered":"\n<figure class=\"wp-block-image size-large\"><img loading=\"lazy\" decoding=\"async\" width=\"1024\" height=\"630\" src=\"https:\/\/blog.chausson.ovh\/wp-content\/uploads\/2020\/02\/markdown-1024x630.png\" alt=\"\" class=\"wp-image-253\" srcset=\"https:\/\/blog.chausson.ovh\/wp-content\/uploads\/2020\/02\/markdown-1024x630.png 1024w, https:\/\/blog.chausson.ovh\/wp-content\/uploads\/2020\/02\/markdown-300x185.png 300w, https:\/\/blog.chausson.ovh\/wp-content\/uploads\/2020\/02\/markdown-768x473.png 768w, https:\/\/blog.chausson.ovh\/wp-content\/uploads\/2020\/02\/markdown-1536x945.png 1536w, https:\/\/blog.chausson.ovh\/wp-content\/uploads\/2020\/02\/markdown-1200x739.png 1200w, https:\/\/blog.chausson.ovh\/wp-content\/uploads\/2020\/02\/markdown.png 2000w\" sizes=\"auto, (max-width: 709px) 85vw, (max-width: 909px) 67vw, (max-width: 1362px) 62vw, 840px\" \/><\/figure>\n\n\n\n<h3 class=\"wp-block-heading\">Edit 17\/02\/2021<\/h3>\n\n\n\n<p>Pour la prise de note rapide et facile, je vous conseille Typora, un \u00e9diteur de texte Markdown gratuit. Korben vous en parlera mieux que moi sur son blog [<a href=\"https:\/\/korben.info\/typora-editeur-markdown.html\">Korben.Info<\/a>].<\/p>\n\n\n\n<h3 class=\"wp-block-heading\">Bonjour \u00e0 tous,<\/h3>\n\n\n\n<p>Vous connaissez peut \u00eatre d\u00e9j\u00e0 le MarkDown, c&rsquo;est un petit langage tr\u00e8s simple qui permet d&rsquo;\u00e9crire du HTML de fa\u00e7on raccourcie.<\/p>\n\n\n\n<p>On peut s&rsquo;en servir sur certains forums (Le Site du Z\u00e9ro, Stack Overflow&#8230;) ou pour r\u00e9diger des documentations (incontournable sur GitHub).<\/p>\n\n\n\n<p>WordPress, FramaSite, Disord&#8230; permettent l&rsquo;utilisation du MarkDown pour faire la mise en page.<\/p>\n\n\n\n<p>Voici donc un petit m\u00e9mo pour moi m\u00eame qui, je l&rsquo;espere, peut vous faire d\u00e9couvrir ce langage tr\u00e8s facilement.<\/p>\n\n\n\n<p>A noter ; une connaissance basique du HTML me semble requise pour comprendre le fonctionnement, pas pour l&rsquo;utilisation.<\/p>\n\n\n\n<p>N&rsquo;h\u00e9sitez pas \u00e0 suivre un tuto, le site du z\u00e9ro par exemple :&nbsp;<a href=\"https:\/\/openclassrooms.com\/courses\/1603881-apprenez-a-creer-votre-site-web-avec-html5-et-css3\">OpenClassRooms<\/a><\/p>\n\n\n\n<p>Source :&nbsp;<a href=\"https:\/\/openclassrooms.com\/courses\/1304236-redigez-en-markdown\">MarkDown ==&gt; OpenClassRooms<\/a><\/p>\n\n\n\n<p><strong>Emphase italique :<\/strong><\/p>\n\n\n\n<p>Voici un mot *important* \u00e0 mon sens<\/p>\n\n\n\n<p><em>R\u00e9sultat :<\/em>&nbsp;Voici un mot&nbsp;<em>important<\/em>&nbsp;\u00e0 mon sens<\/p>\n\n\n\n<p><strong>Emphase forte :<\/strong><\/p>\n\n\n\n<p>Voici des mots **tr\u00e8s importants**, j&rsquo;insiste !<\/p>\n\n\n\n<p><em>R\u00e9sultat :<\/em>&nbsp;Voici des mots&nbsp;<strong>tr\u00e8s importants<\/strong>, j&rsquo;insiste !<\/p>\n\n\n\n<p><strong>Explications :<\/strong><\/p>\n\n\n\n<p>Une ligne \u00e9crite en MarkDown sera traduite en HTML pour \u00eatre interpr\u00e9t\u00e9e.<\/p>\n\n\n\n<p>Je reprends l&rsquo;exemple pr\u00e9c\u00e8dent :<\/p>\n\n\n\n<p>Voici des mots **tr\u00e8s importants**, j&rsquo;insiste ! <\/p>\n\n\n\n<p> &lt;p&gt;Voici des mots &lt;strong&gt;tr\u00e8s importants&lt;\/strong&gt;, j&rsquo;insiste !&lt;\/p&gt; <\/p>\n\n\n\n<p><strong>Les titres<\/strong> <\/p>\n\n\n\n<p>Titre de niveau 1 <\/p>\n\n\n\n<p>================ <\/p>\n\n\n\n<p>Titre de niveau 2<\/p>\n\n\n\n<p> &#8212;&#8212;&#8212;&#8212;&#8212;&#8212;&#8212;&#8212;&#8212;-  <\/p>\n\n\n\n<p><em>R\u00e9sultats :<\/em><\/p>\n\n\n\n<h1 class=\"wp-block-heading\">Titre de niveau 1<\/h1>\n\n\n\n<h2 class=\"wp-block-heading\">Titre de niveau 2<\/h2>\n\n\n\n<p><strong>Les listes \u00e0 puces<\/strong> <\/p>\n\n\n\n<p>*&nbsp;Une&nbsp;puce <\/p>\n\n\n\n<p>*&nbsp;Une&nbsp;autre&nbsp;puce <\/p>\n\n\n\n<p>*&nbsp;Et&nbsp;encore&nbsp;une&nbsp;autre&nbsp;puce&nbsp; <\/p>\n\n\n\n<p><em>R\u00e9sultat :<\/em><\/p>\n\n\n\n<ul class=\"wp-block-list\"><li> Une&nbsp;puce <\/li><li> Une&nbsp;autre&nbsp;puce <\/li><li> Et&nbsp;encore&nbsp;une&nbsp;autre&nbsp;puce&nbsp;! <\/li><\/ul>\n\n\n\n<p><strong>Les listes \u00e0 puces imbriqu\u00e9es<\/strong> <\/p>\n\n\n\n<p>*&nbsp;Une&nbsp;puce <\/p>\n\n\n\n<p>*&nbsp;Une&nbsp;autre&nbsp;puce &nbsp;&nbsp;&nbsp;&nbsp;<\/p>\n\n\n\n<p>          *&nbsp;Une&nbsp;sous-puce &nbsp;&nbsp;&nbsp;&nbsp;<\/p>\n\n\n\n<p>           *&nbsp;Une&nbsp;autre&nbsp;sous-puce <\/p>\n\n\n\n<p>*&nbsp;Et&nbsp;encore&nbsp;une&nbsp;autre&nbsp;puce&nbsp;! <\/p>\n\n\n\n<p><strong>Les listes \u00e0 puces num\u00e9rot\u00e9es<\/strong> <\/p>\n\n\n\n<p>1.&nbsp;Et&nbsp;de&nbsp;un <\/p>\n\n\n\n<p>2.&nbsp;Et&nbsp;de&nbsp;deux <\/p>\n\n\n\n<p>3.&nbsp;Et&nbsp;de&nbsp;trois <\/p>\n\n\n\n<p><strong>Les citations<\/strong><\/p>\n\n\n\n<p>(caract\u00e8re \u00ab\u00a0sup\u00e9rieur \u00e0\u00a0\u00bb) Ceci&nbsp;est&nbsp;un&nbsp;texte&nbsp;cit\u00e9.&nbsp;Vous&nbsp;pouvez&nbsp;r\u00e9pondre<\/p>\n\n\n\n<p>(caract\u00e8re \u00ab\u00a0sup\u00e9rieur \u00e0\u00a0\u00bb) \u00e0&nbsp;cette&nbsp;citation&nbsp;en&nbsp;\u00e9crivant&nbsp;un&nbsp;paragraphe<\/p>\n\n\n\n<p>(caract\u00e8re \u00ab\u00a0sup\u00e9rieur \u00e0\u00a0\u00bb) normal&nbsp;juste&nbsp;en-dessous&nbsp;!<\/p>\n\n\n\n<blockquote class=\"wp-block-quote is-layout-flow wp-block-quote-is-layout-flow\"><p>&nbsp;Ceci&nbsp;est&nbsp;un&nbsp;texte&nbsp;cit\u00e9.&nbsp;Vous&nbsp;pouvez&nbsp;r\u00e9pondre<\/p><p>&nbsp;\u00e0&nbsp;cette&nbsp;citation&nbsp;en&nbsp;\u00e9crivant&nbsp;un&nbsp;paragraphe<\/p><p>&nbsp;normal&nbsp;juste&nbsp;en-dessous&nbsp;!<\/p><\/blockquote>\n\n\n\n<p><strong>Lien internet<\/strong><\/p>\n\n\n\n<p> [Site&nbsp;du&nbsp;Z\u00e9ro](http:\/\/www.siteduzero.com) <\/p>\n\n\n\n<p><em>R\u00e9sultat :<\/em><\/p>\n\n\n\n<p><a href=\"http:\/\/www.siteduzero.com\/\">Site&nbsp;du&nbsp;Z\u00e9ro<\/a><\/p>\n\n\n\n<p><strong>Ins\u00e9rer une Image<\/strong> <\/p>\n\n\n\n<p>&lt;img src=\u00a0\u00bbhttps:\/\/sdz-upload.s3.amazonaws.com\/prod\/upload\/0181.png\u00a0\u00bb alt=\u00a0\u00bbZozor\u00a0\u00bb> <\/p>\n\n\n\n<p><em>R\u00e9sultat :<\/em><\/p>\n\n\n\n<figure class=\"wp-block-image size-large\"><img loading=\"lazy\" decoding=\"async\" width=\"204\" height=\"247\" src=\"https:\/\/blog.chausson.ovh\/wp-content\/uploads\/2021\/02\/zozor.jpg\" alt=\"\" class=\"wp-image-799\"\/><\/figure>\n\n\n\n<p><strong>Barre de s\u00e9paration<\/strong><\/p>\n\n\n\n<p>=&gt; quelques tirets ou ast\u00e9risques<\/p>\n\n\n\n<p> &#8212;&#8212;&#8212;&#8212;&#8212;&#8212;&#8212;&#8212;- <\/p>\n\n\n\n<hr class=\"wp-block-separator\"\/>\n\n\n\n<p><\/p>\n","protected":false},"excerpt":{"rendered":"<p>Edit 17\/02\/2021 Pour la prise de note rapide et facile, je vous conseille Typora, un \u00e9diteur de texte Markdown gratuit. Korben vous en parlera mieux que moi sur son blog [Korben.Info]. Bonjour \u00e0 tous, Vous connaissez peut \u00eatre d\u00e9j\u00e0 le MarkDown, c&rsquo;est un petit langage tr\u00e8s simple qui permet d&rsquo;\u00e9crire du HTML de fa\u00e7on raccourcie. &hellip; <a href=\"https:\/\/blog.chausson.ovh\/index.php\/langage-markdown\/\" class=\"more-link\">Continuer la lecture<span class=\"screen-reader-text\"> de &laquo;&nbsp;Langage **MarkDown**&nbsp;&raquo;<\/span><\/a><\/p>\n","protected":false},"author":2,"featured_media":0,"parent":0,"menu_order":0,"comment_status":"closed","ping_status":"closed","template":"","meta":{"footnotes":""},"class_list":["post-252","page","type-page","status-publish","hentry"],"_links":{"self":[{"href":"https:\/\/blog.chausson.ovh\/index.php\/wp-json\/wp\/v2\/pages\/252","targetHints":{"allow":["GET"]}}],"collection":[{"href":"https:\/\/blog.chausson.ovh\/index.php\/wp-json\/wp\/v2\/pages"}],"about":[{"href":"https:\/\/blog.chausson.ovh\/index.php\/wp-json\/wp\/v2\/types\/page"}],"author":[{"embeddable":true,"href":"https:\/\/blog.chausson.ovh\/index.php\/wp-json\/wp\/v2\/users\/2"}],"replies":[{"embeddable":true,"href":"https:\/\/blog.chausson.ovh\/index.php\/wp-json\/wp\/v2\/comments?post=252"}],"version-history":[{"count":14,"href":"https:\/\/blog.chausson.ovh\/index.php\/wp-json\/wp\/v2\/pages\/252\/revisions"}],"predecessor-version":[{"id":800,"href":"https:\/\/blog.chausson.ovh\/index.php\/wp-json\/wp\/v2\/pages\/252\/revisions\/800"}],"wp:attachment":[{"href":"https:\/\/blog.chausson.ovh\/index.php\/wp-json\/wp\/v2\/media?parent=252"}],"curies":[{"name":"wp","href":"https:\/\/api.w.org\/{rel}","templated":true}]}}