{"id":211,"date":"2020-02-13T19:20:56","date_gmt":"2020-02-13T18:20:56","guid":{"rendered":"http:\/\/blog.chausson.ovh\/?page_id=211"},"modified":"2020-06-22T12:24:48","modified_gmt":"2020-06-22T11:24:48","slug":"dans-nos-sacs","status":"publish","type":"page","link":"https:\/\/blog.chausson.ovh\/index.php\/dans-nos-sacs\/","title":{"rendered":"Dans nos sacs&#8230;"},"content":{"rendered":"\n<div id=\"up\"><\/div>\n<\/br>\n<\/br>\n\n\n\n<p>Bonjour \u00e0 tous,<\/p>\n\n\n\n<p>Souvent je discute de voyages et j&rsquo;explique comment nous g\u00e9rons nos h\u00e9bergements, les transports, les repas&#8230; pour nous quatre.<\/p>\n\n\n\n<p>Rarement je parle de nos sacs. Je pense qu&rsquo;un voyage se pr\u00e9pare \u00e0 l&rsquo;avance et&nbsp; le contenu du sac doit \u00eatre soigneusement s\u00e9lectionn\u00e9. Voici donc une petite section \u00ab\u00a0trousseau\u00a0\u00bb :<\/p>\n\n\n\n<ul class=\"wp-block-list\"><li><a href=\"https:\/\/blog.chausson.ovh\/index.php\/dans-nos-sacs#sacAdos\">Sac \u00e0 dos<\/a><\/li><li><a href=\"https:\/\/blog.chausson.ovh\/index.php\/dans-nos-sacs#mumble\">Hamac<\/a><\/li><li><a href=\"https:\/\/blog.chausson.ovh\/index.php\/dans-nos-sacs#couteauSuisse\">Couteau Suisse<\/a><\/li><li><a href=\"https:\/\/blog.chausson.ovh\/index.php\/dans-nos-sacs#bonnesChaussures\">Bonnes Chaussures<\/a><\/li><li><a href=\"https:\/\/blog.chausson.ovh\/index.php\/dans-nos-sacs#smartphones\">Smartphones<\/a><\/li><li><a href=\"https:\/\/blog.chausson.ovh\/index.php\/dans-nos-sacs#batterie\">Batterie<\/a><\/li><li><a href=\"https:\/\/blog.chausson.ovh\/index.php\/dans-nos-sacs#lampes\">Lampes<\/a><\/li><li><a href=\"https:\/\/blog.chausson.ovh\/index.php\/dans-nos-sacs#raspberry\">Raspberry<\/a><\/li><li><a href=\"https:\/\/blog.chausson.ovh\/index.php\/dans-nos-sacs#appli\">Applications<\/a><\/li><li><a href=\"https:\/\/blog.chausson.ovh\/index.php\/dans-nos-sacs#mumble\">Mumble<\/a><br><br><\/li><\/ul>\n\n\n\n<div id=\"sacAdos\"><\/div>\n\n\n\n<p> 1)&nbsp;<strong>un sac \u00e0 dos<\/strong>&nbsp;par personne. <\/p>\n\n\n\n<p>Celui-ci doit \u00eatre confortable et la taille adapt\u00e9e \u00e0 son propri\u00e9taire. Miriam et moi portons un 60 litres alors que les enfants portent un 30 litres. Il serait d&rsquo;ailleurs plus l\u00e9ger pour Elo\u00efse que son sac de coll\u00e9gien qui est cela dit incroyablement lourd.<\/p>\n\n\n\n<div id=\"hamac\"><\/div>\n\n\n\n<p>2)&nbsp;<strong>mon hamac<\/strong>&nbsp;: <\/p>\n\n\n\n<p>l\u00e9ger car en toile de parachute, il se plie facilement et ne prend pas trop de place. Chez AliExpress pour quelques euros. Je le prends d\u00e8s que nous ne prenons pas l&rsquo;avion, quand nous campons (France, Italie, Espagne, Portugal). Je n&rsquo;oublie pas de prendre une&nbsp;<strong>corde<\/strong>&nbsp;en plus dans le cas o\u00f9 les arbres sont \u00e9loign\u00e9s. Pour la ma\u00eetrise des n\u0153uds, afin de ne pas tomber avec le hamac, nous utilisons une appli Android que je pr\u00e9senterai plus bas. <\/p>\n\n\n\n<figure class=\"wp-block-image size-large\"><img loading=\"lazy\" decoding=\"async\" width=\"483\" height=\"342\" src=\"https:\/\/blog.chausson.ovh\/wp-content\/uploads\/2020\/02\/hamac.png\" alt=\"\" class=\"wp-image-212\" srcset=\"https:\/\/blog.chausson.ovh\/wp-content\/uploads\/2020\/02\/hamac.png 483w, https:\/\/blog.chausson.ovh\/wp-content\/uploads\/2020\/02\/hamac-300x212.png 300w\" sizes=\"auto, (max-width: 483px) 85vw, 483px\" \/><figcaption> <em>Hamac en toile de parachute<\/em> <\/figcaption><\/figure>\n\n\n\n<div id=\"couteauSuisse\"><\/div>\n\n\n\n<p>3)&nbsp;<strong>Un couteau Suisse<\/strong>. Classique et efficace.<\/p>\n\n\n\n<div id=\"bonnesChaussures\"><\/div>\n\n\n\n<p>4) De&nbsp;<strong>bonnes chaussures<\/strong>. <\/p>\n\n\n\n<p>Nous prenons une paire de chaussure de marche en plus d&rsquo;une paire de tongs.<br>Le confort des pieds est primordial dans un pays chaud pour y faire randonn\u00e9e.<\/p>\n\n\n\n<div id=\"smartphones\"><\/div>\n\n\n\n<p>5)&nbsp;<strong>Nos Smartphones<\/strong>&nbsp;<\/p>\n\n\n\n<p>avec des forfaits internationaux (sur 2 r\u00e9seaux diff\u00e9rents par s\u00e9curit\u00e9).<br>Ils nous servent \u00e9galement d&rsquo;appareils photos.<\/p>\n\n\n\n<div id=\"batterie\"><\/div>\n\n\n\n<p>6)&nbsp;<strong>Batterie autonome<\/strong>&nbsp;pour les smartphones.<\/p>\n\n\n\n<div id=\"lampes\"><\/div>\n\n\n\n<p>7)&nbsp;<strong>Lampes frontales \/ Lampes de poche<\/strong><br>Pour revenir la nuit du resto, pour s&rsquo;\u00e9clairer dans une grotte, pour s&rsquo;installer dans un camping&#8230;<\/p>\n\n\n\n<div id=\"raspberry\"><\/div>\n\n\n\n<p>8) Ma&nbsp;<strong>Raspberry PI<\/strong>&nbsp;<\/p>\n\n\n\n<p>Sous Raspbian (Linux) est utilisable d\u00e8s que nous avons un \u00e9cran avec HDMI dans le logement. Nous empruntons un petit clavier de poche connect\u00e9 en BlueTooth. Le boitier (photo ci-dessous) est une copie conforme de la MegaDrive, mais en bien plus petit. Un ordinateur de poche qui ne p\u00e8se presque rien dans le sac. il est plus rassurant de partir avec car sa valeur est plut\u00f4t modeste (30\u20ac) , en comparaison avec un pc.<\/p>\n\n\n\n<p>Celle-ci nous permet de :<\/p>\n\n\n\n<ul class=\"wp-block-list\"><li>Regarder YouTube (C&rsquo;est pas Sorcier par exemple)<\/li><li>Ecouter de la musique ou les infos via les WebRadios<\/li><li>Jouer en RetroGaming (Megadrive, NES, SuperNES, NeoGeo,&#8230;)<\/li><li>Ecrire sur le Blog tous ensemble devant l&rsquo;\u00e9cran<\/li><li>D&rsquo;avoir un rangement pour les cartes MicroSD (Pi &amp; cameras)<\/li><li>Coder un peu en Python dans MineCraft Eduction<\/li><\/ul>\n\n\n\n<figure class=\"wp-block-image size-large\"><img loading=\"lazy\" decoding=\"async\" width=\"359\" height=\"243\" src=\"https:\/\/blog.chausson.ovh\/wp-content\/uploads\/2020\/02\/megaPi.png\" alt=\"\" class=\"wp-image-213\" srcset=\"https:\/\/blog.chausson.ovh\/wp-content\/uploads\/2020\/02\/megaPi.png 359w, https:\/\/blog.chausson.ovh\/wp-content\/uploads\/2020\/02\/megaPi-300x203.png 300w\" sizes=\"auto, (max-width: 359px) 85vw, 359px\" \/><figcaption> <em>Raspberry Pi 3 dans son megaPi Case<\/em> <\/figcaption><\/figure>\n\n\n\n<div id=\"appli\"><\/div>\n\n\n\n<p>9)&nbsp;<strong>Applications sur les smartphones<\/strong><\/p>\n\n\n\n<div class=\"wp-block-group\"><div class=\"wp-block-group__inner-container is-layout-flow wp-block-group-is-layout-flow\">\n<div class=\"wp-block-media-text alignwide\" style=\"grid-template-columns:15% auto\"><figure class=\"wp-block-media-text__media\"><img loading=\"lazy\" decoding=\"async\" width=\"84\" height=\"85\" src=\"https:\/\/blog.chausson.ovh\/wp-content\/uploads\/2020\/02\/PhotosResizer.png\" alt=\"\" class=\"wp-image-214\"\/><\/figure><div class=\"wp-block-media-text__content\">\n<p>Pour redimensionner les photos de ce blog pendant un voyage (donc sans PC), j&rsquo;utilise \u00ab\u00a0Photo &amp; Picture Resizer\u00a0\u00bb&nbsp;sur&nbsp;<a href=\"https:\/\/play.google.com\/store\">android<\/a>.<\/p>\n<\/div><\/div>\n<\/div><\/div>\n\n\n\n<div class=\"wp-block-media-text alignwide\" style=\"grid-template-columns:15% auto\"><figure class=\"wp-block-media-text__media\"><img loading=\"lazy\" decoding=\"async\" width=\"95\" height=\"96\" src=\"https:\/\/blog.chausson.ovh\/wp-content\/uploads\/2020\/02\/Waze.png\" alt=\"\" class=\"wp-image-215\"\/><\/figure><div class=\"wp-block-media-text__content\">\n<p>Pour se d\u00e9placer \u00e0 pieds, en v\u00e9lo, en voiture&nbsp;Waze et Google Maps<\/p>\n<\/div><\/div>\n\n\n\n<div class=\"wp-block-media-text alignwide\" style=\"grid-template-columns:15% auto\"><figure class=\"wp-block-media-text__media\"><img loading=\"lazy\" decoding=\"async\" width=\"69\" height=\"74\" src=\"https:\/\/blog.chausson.ovh\/wp-content\/uploads\/2020\/02\/Photos.png\" alt=\"\" class=\"wp-image-216\"\/><\/figure><div class=\"wp-block-media-text__content\">\n<p>Pour stocker nos photos,&nbsp;google Photos<\/p>\n<\/div><\/div>\n\n\n\n<div class=\"wp-block-media-text alignwide\" style=\"grid-template-columns:15% auto\"><figure class=\"wp-block-media-text__media\"><img loading=\"lazy\" decoding=\"async\" width=\"93\" height=\"93\" src=\"https:\/\/blog.chausson.ovh\/wp-content\/uploads\/2020\/02\/mifit.png\" alt=\"\" class=\"wp-image-217\"\/><\/figure><div class=\"wp-block-media-text__content\">\n<p>MiFit et le bracelet connect\u00e9 Mi Band 3 pour compter nos pas (et kilom\u00e8tres).<\/p>\n<\/div><\/div>\n\n\n\n<div class=\"wp-block-media-text alignwide\" style=\"grid-template-columns:15% auto\"><figure class=\"wp-block-media-text__media\"><img loading=\"lazy\" decoding=\"async\" width=\"96\" height=\"96\" src=\"https:\/\/blog.chausson.ovh\/wp-content\/uploads\/2020\/02\/AirBnB.png\" alt=\"\" class=\"wp-image-218\"\/><\/figure><div class=\"wp-block-media-text__content\">\n<p>Application AirBnB&nbsp;pour communiquer facilement avec nos H\u00f4tes<\/p>\n<\/div><\/div>\n\n\n\n<div class=\"wp-block-media-text alignwide\" style=\"grid-template-columns:15% auto\"><figure class=\"wp-block-media-text__media\"><img loading=\"lazy\" decoding=\"async\" width=\"96\" height=\"98\" src=\"https:\/\/blog.chausson.ovh\/wp-content\/uploads\/2020\/02\/knots3d.png\" alt=\"\" class=\"wp-image-219\"\/><\/figure><div class=\"wp-block-media-text__content\">\n<p>\u00ab\u00a0Knots 3D\u00a0\u00bb,&nbsp;pour faire un n\u0153ud et ne pas tomber du hamac \ud83d\ude09<\/p>\n<\/div><\/div>\n\n\n\n<div class=\"wp-block-media-text alignwide\" style=\"grid-template-columns:15% auto\"><figure class=\"wp-block-media-text__media\"><img loading=\"lazy\" decoding=\"async\" width=\"90\" height=\"90\" src=\"https:\/\/blog.chausson.ovh\/wp-content\/uploads\/2020\/02\/trad.png\" alt=\"\" class=\"wp-image-220\"\/><\/figure><div class=\"wp-block-media-text__content\">\n<p>Google Trad pour traduire en italien, czeck, allemand, espagnol, portugais, grec, n\u00e9erlandais, anglais&#8230;<\/p>\n<\/div><\/div>\n\n\n\n<div class=\"wp-block-media-text alignwide\" style=\"grid-template-columns:15% auto\"><figure class=\"wp-block-media-text__media\"><img loading=\"lazy\" decoding=\"async\" width=\"66\" height=\"67\" src=\"https:\/\/blog.chausson.ovh\/wp-content\/uploads\/2020\/02\/Lens.png\" alt=\"\" class=\"wp-image-221\"\/><\/figure><div class=\"wp-block-media-text__content\">\n<p>Google Lens&nbsp;pour traduire un menu \u00e0 partir d&rsquo;une photo ou pour demander \u00e0 google le nom de la statue devant nous.<\/p>\n<\/div><\/div>\n\n\n\n<div id=\"mumble\"><\/div>\n\n\n\n<p>10)&nbsp;<strong>Plumble \/ Mumble<\/strong>&nbsp;pour communiquer<\/p>\n\n\n\n<p>Sur un autre Raspberry plus ancien, j&rsquo;ai un serveur Mumble qui permet de communiquer par voix IP (VoIP). Sur nos smartphones, l&rsquo;application Plumble (Android) pour communiquer avec beaucoup de contacts en mode conf\u00e9rence. La difficult\u00e9 est surtout de convenir d&rsquo;un horaire pour se joindre (surtout si d\u00e9calage horaire) !<\/p>\n\n\n\n<a href=\"#up\"><img loading=\"lazy\" decoding=\"async\" width=\"45\" height=\"45\" src=\"https:\/\/blog.chausson.ovh\/wp-content\/uploads\/2020\/02\/up-1.png\" alt=\"\" class=\"wp-image-239\">Haut de page<\/a>\n\n\n\n<p><\/p>\n","protected":false},"excerpt":{"rendered":"<p>Bonjour \u00e0 tous, Souvent je discute de voyages et j&rsquo;explique comment nous g\u00e9rons nos h\u00e9bergements, les transports, les repas&#8230; pour nous quatre. Rarement je parle de nos sacs. Je pense qu&rsquo;un voyage se pr\u00e9pare \u00e0 l&rsquo;avance et&nbsp; le contenu du sac doit \u00eatre soigneusement s\u00e9lectionn\u00e9. Voici donc une petite section \u00ab\u00a0trousseau\u00a0\u00bb : Sac \u00e0 dos &hellip; <a href=\"https:\/\/blog.chausson.ovh\/index.php\/dans-nos-sacs\/\" class=\"more-link\">Continuer la lecture<span class=\"screen-reader-text\"> de &laquo;&nbsp;Dans nos sacs&#8230;&nbsp;&raquo;<\/span><\/a><\/p>\n","protected":false},"author":2,"featured_media":0,"parent":0,"menu_order":0,"comment_status":"open","ping_status":"closed","template":"","meta":{"footnotes":""},"class_list":["post-211","page","type-page","status-publish","hentry"],"_links":{"self":[{"href":"https:\/\/blog.chausson.ovh\/index.php\/wp-json\/wp\/v2\/pages\/211","targetHints":{"allow":["GET"]}}],"collection":[{"href":"https:\/\/blog.chausson.ovh\/index.php\/wp-json\/wp\/v2\/pages"}],"about":[{"href":"https:\/\/blog.chausson.ovh\/index.php\/wp-json\/wp\/v2\/types\/page"}],"author":[{"embeddable":true,"href":"https:\/\/blog.chausson.ovh\/index.php\/wp-json\/wp\/v2\/users\/2"}],"replies":[{"embeddable":true,"href":"https:\/\/blog.chausson.ovh\/index.php\/wp-json\/wp\/v2\/comments?post=211"}],"version-history":[{"count":19,"href":"https:\/\/blog.chausson.ovh\/index.php\/wp-json\/wp\/v2\/pages\/211\/revisions"}],"predecessor-version":[{"id":284,"href":"https:\/\/blog.chausson.ovh\/index.php\/wp-json\/wp\/v2\/pages\/211\/revisions\/284"}],"wp:attachment":[{"href":"https:\/\/blog.chausson.ovh\/index.php\/wp-json\/wp\/v2\/media?parent=211"}],"curies":[{"name":"wp","href":"https:\/\/api.w.org\/{rel}","templated":true}]}}