{"id":190,"date":"2020-02-13T18:38:10","date_gmt":"2020-02-13T17:38:10","guid":{"rendered":"http:\/\/blog.chausson.ovh\/?page_id=190"},"modified":"2020-02-13T19:00:47","modified_gmt":"2020-02-13T18:00:47","slug":"londres-janvier-2019","status":"publish","type":"page","link":"https:\/\/blog.chausson.ovh\/index.php\/londres-janvier-2019\/","title":{"rendered":"Londres Janvier 2019"},"content":{"rendered":"\n<figure class=\"wp-block-image size-large is-resized\"><img loading=\"lazy\" decoding=\"async\" src=\"https:\/\/blog.chausson.ovh\/wp-content\/uploads\/2020\/02\/title.jpg\" alt=\"\" class=\"wp-image-191\" width=\"649\" height=\"432\" srcset=\"https:\/\/blog.chausson.ovh\/wp-content\/uploads\/2020\/02\/title.jpg 800w, https:\/\/blog.chausson.ovh\/wp-content\/uploads\/2020\/02\/title-300x200.jpg 300w, https:\/\/blog.chausson.ovh\/wp-content\/uploads\/2020\/02\/title-768x512.jpg 768w\" sizes=\"auto, (max-width: 649px) 85vw, 649px\" \/><\/figure>\n\n\n\n<h1 class=\"wp-block-heading\">Weekend du 26 et 27 janvier 2019<\/h1>\n\n\n\n<p>Mise \u00e0 jour 28\/01\/2019 ;<\/p>\n\n\n\n<ul class=\"wp-block-list\"><li>Jour 1 et jour 2 affich\u00e9s dans l&rsquo;ordre logique<\/li><li>Ajout de Photos<\/li><\/ul>\n\n\n\n<hr class=\"wp-block-separator\"\/>\n\n\n\n<h3 class=\"wp-block-heading\">Samedi 26 \u00a0janvier<\/h3>\n\n\n\n<span class=\"collapseomatic \" id=\"id69fb1d8973582\"  tabindex=\"0\" title=\"Plier\/D\u00e9plier\"    >Plier\/D\u00e9plier<\/span><div id=\"target-id69fb1d8973582\" class=\"collapseomatic_content \">  <\/p>\n\n\n\n<p>D\u00e9part du bus 5h du matin des 4 cantons. C&rsquo;est donc un reveil \u00e0 3h30 du matin ! Nous retrouvons Amine et montons dans un autocar luxueux et lui dans l&rsquo;autre.<\/p>\n\n\n\n<p>Arriv\u00e9e \u00e0 Londres vers 11h (heure locale). Cela fait 6h30 de trajet avec les arr\u00eats (douane, petit d\u00e9j).<\/p>\n\n\n\n<p>D\u00e9pose des sacs dans les chambres puis nous nous quittons l&rsquo;h\u00f4tel. Celui-ci est situ\u00e9 contre le Tower-bridge et est tr\u00e8s confortable (nous ne sommes pas habitu\u00e9s aux 4*<em>&nbsp;\ud83d\ude0b).&nbsp;<\/em>En \u00e9toiles fran\u00e7aises, cela \u00e9quivaut \u00e0 2*. Il y a dans cet h\u00f4tel 911 chambres au total !<\/p>\n\n\n\n<p>Nous traversons le fameux pont pour longer la Tamise par la rive sud.<\/p>\n\n\n\n<figure class=\"wp-block-image size-large is-resized\"><img loading=\"lazy\" decoding=\"async\" src=\"https:\/\/blog.chausson.ovh\/wp-content\/uploads\/2020\/02\/j1_1-1.jpg\" alt=\"\" class=\"wp-image-196\" width=\"637\" height=\"478\" srcset=\"https:\/\/blog.chausson.ovh\/wp-content\/uploads\/2020\/02\/j1_1-1.jpg 800w, https:\/\/blog.chausson.ovh\/wp-content\/uploads\/2020\/02\/j1_1-1-300x225.jpg 300w, https:\/\/blog.chausson.ovh\/wp-content\/uploads\/2020\/02\/j1_1-1-768x576.jpg 768w\" sizes=\"auto, (max-width: 637px) 85vw, 637px\" \/><figcaption> Ci-dessus, le Tower-bridge <\/figcaption><\/figure>\n\n\n\n<p> Nous passons devant le sheakspear theatre, le Tate modern&#8230; Nous trouvons un Resto typique pour y manger un \u00ab\u00a0fish &amp; chips\u00a0\u00bb. <\/p>\n\n\n\n<figure class=\"wp-block-image size-large is-resized\"><img loading=\"lazy\" decoding=\"async\" src=\"https:\/\/blog.chausson.ovh\/wp-content\/uploads\/2020\/02\/j1_2-1.jpg\" alt=\"\" class=\"wp-image-197\" width=\"639\" height=\"479\" srcset=\"https:\/\/blog.chausson.ovh\/wp-content\/uploads\/2020\/02\/j1_2-1.jpg 800w, https:\/\/blog.chausson.ovh\/wp-content\/uploads\/2020\/02\/j1_2-1-300x225.jpg 300w, https:\/\/blog.chausson.ovh\/wp-content\/uploads\/2020\/02\/j1_2-1-768x576.jpg 768w\" sizes=\"auto, (max-width: 639px) 85vw, 639px\" \/><figcaption> Devant le Millenium Bridge <\/figcaption><\/figure>\n\n\n\n<p>Pour l&rsquo;apr\u00e8s midi, nous poursuivons en traversant la Tamise, direction Westminster Abbey.<\/p>\n\n\n\n<p>Mais la visite est impossible car cela ferme \u00e0 13h le samedi.<\/p>\n\n\n\n<p>St James&rsquo;Park, BigBen, Parlement, Piccadilly circus, Trafalgar Square&#8230;<\/p>\n\n\n\n<figure class=\"wp-block-image size-large is-resized\"><img loading=\"lazy\" decoding=\"async\" src=\"https:\/\/blog.chausson.ovh\/wp-content\/uploads\/2020\/02\/j1_3-3.jpg\" alt=\"\" class=\"wp-image-198\" width=\"643\" height=\"482\" srcset=\"https:\/\/blog.chausson.ovh\/wp-content\/uploads\/2020\/02\/j1_3-3.jpg 800w, https:\/\/blog.chausson.ovh\/wp-content\/uploads\/2020\/02\/j1_3-3-300x225.jpg 300w, https:\/\/blog.chausson.ovh\/wp-content\/uploads\/2020\/02\/j1_3-3-768x576.jpg 768w\" sizes=\"auto, (max-width: 643px) 85vw, 643px\" \/><figcaption> Le parlement, Westminster Abbey (derri\u00e8re), Big Ben (en travaux, au dessus du Bus), un taxi et le double decker bus. <\/figcaption><\/figure>\n\n\n\n<figure class=\"wp-block-image size-large is-resized\"><img loading=\"lazy\" decoding=\"async\" src=\"https:\/\/blog.chausson.ovh\/wp-content\/uploads\/2020\/02\/j1_4.jpg\" alt=\"\" class=\"wp-image-199\" width=\"643\" height=\"485\" srcset=\"https:\/\/blog.chausson.ovh\/wp-content\/uploads\/2020\/02\/j1_4.jpg 800w, https:\/\/blog.chausson.ovh\/wp-content\/uploads\/2020\/02\/j1_4-300x227.jpg 300w, https:\/\/blog.chausson.ovh\/wp-content\/uploads\/2020\/02\/j1_4-768x580.jpg 768w\" sizes=\"auto, (max-width: 643px) 85vw, 643px\" \/><figcaption> \ud83d\udc3f\ufe0f de St James&rsquo;Park <\/figcaption><\/figure>\n\n\n\n<p>Nous avons bien march\u00e9 19 000 pas (pr\u00e8s de 13 km) et mes chaussures de randonn\u00e9e sont compl\u00e8tement \u00e9ventr\u00e9es. Comme c&rsquo;est les soldes , j&rsquo;en ai profit\u00e9 !<\/p>\n\n\n\n<p>Pour le retour, nous optons pour un taxi traditionnel. Il a fallu attendre car les taxi-camionnettes ne nous plaisent pas trop. Prendre un \u00ab\u00a0black-cab\u00a0\u00bb n&rsquo;est pas forc\u00e9ment beaucoup plus cher que le M\u00e9tro car nous payons une course pour 5 personnes.<\/p>\n\n\n\n<p>De retour \u00e0 l&rsquo;h\u00f4tel, une bonne douche puis nous retrouvons Amine \u00e0 la r\u00e9ception. Un restaurant indien nous parait sympathique, mais les prix sont hors budget.<\/p>\n\n\n\n<p>Un restaurant italien un peu plus loin attire notre attention, il se nomme \u00ab\u00a0Zizzi\u00a0\u00bb ! Apr\u00e8s un bon repas et pas mal de plaisanteries sur l&rsquo;enseigne, apr\u00e8s un \u00ab\u00a0zizzi gelato\u00a0\u00bb (glace du restaurant), nous rentrons \u00e0 l&rsquo;h\u00f4tel.<\/p>\n\n\n\n<figure class=\"wp-block-image size-large\"><img loading=\"lazy\" decoding=\"async\" width=\"800\" height=\"533\" src=\"https:\/\/blog.chausson.ovh\/wp-content\/uploads\/2020\/02\/j1_5.jpg\" alt=\"\" class=\"wp-image-200\" srcset=\"https:\/\/blog.chausson.ovh\/wp-content\/uploads\/2020\/02\/j1_5.jpg 800w, https:\/\/blog.chausson.ovh\/wp-content\/uploads\/2020\/02\/j1_5-300x200.jpg 300w, https:\/\/blog.chausson.ovh\/wp-content\/uploads\/2020\/02\/j1_5-768x512.jpg 768w\" sizes=\"auto, (max-width: 800px) 85vw, 800px\" \/><figcaption> Le fameux restaurant<\/figcaption><\/figure>\n\n\n\n<figure class=\"wp-block-image size-large is-resized\"><img loading=\"lazy\" decoding=\"async\" src=\"https:\/\/blog.chausson.ovh\/wp-content\/uploads\/2020\/02\/j1_6.jpg\" alt=\"\" class=\"wp-image-201\" width=\"351\" height=\"275\" srcset=\"https:\/\/blog.chausson.ovh\/wp-content\/uploads\/2020\/02\/j1_6.jpg 540w, https:\/\/blog.chausson.ovh\/wp-content\/uploads\/2020\/02\/j1_6-300x235.jpg 300w\" sizes=\"auto, (max-width: 351px) 85vw, 351px\" \/><figcaption> Ils ont m\u00eame un r\u00e9seau WiFi au nom du resto ! <\/figcaption><\/figure>\n\n\n\n<p> Demain, pas de grasse matin\u00e9e : il faut vite faire les sacs, petit d\u00e9jeuner puis amener les sacs au bus pour ne pas porter toute la journ\u00e9e. <\/p>\n\n\n\n<figure class=\"wp-block-image size-large is-resized\"><img loading=\"lazy\" decoding=\"async\" src=\"https:\/\/blog.chausson.ovh\/wp-content\/uploads\/2020\/02\/j1_7.jpg\" alt=\"\" class=\"wp-image-202\" width=\"645\" height=\"484\" srcset=\"https:\/\/blog.chausson.ovh\/wp-content\/uploads\/2020\/02\/j1_7.jpg 800w, https:\/\/blog.chausson.ovh\/wp-content\/uploads\/2020\/02\/j1_7-300x225.jpg 300w, https:\/\/blog.chausson.ovh\/wp-content\/uploads\/2020\/02\/j1_7-768x576.jpg 768w\" sizes=\"auto, (max-width: 645px) 85vw, 645px\" \/><figcaption> Vue de notre h\u00f4tel. <\/figcaption><\/figure>\n\n\n\n<p> A demain donc ! <\/p>\n\n\n\n<p>  <\/div>\n\n\n\n<hr class=\"wp-block-separator\"\/>\n\n\n\n<h3 class=\"wp-block-heading\">Dimanche 27 janvier<\/h3>\n\n\n\n<span class=\"collapseomatic \" id=\"id69fb1d89739bc\"  tabindex=\"0\" title=\"Plier\/D\u00e9plier\"    >Plier\/D\u00e9plier<\/span><div id=\"target-id69fb1d89739bc\" class=\"collapseomatic_content \">  <\/p>\n\n\n\n<p>Apr\u00e8s une bonne nuit, nous sommes tous en forme. Comme il est possible de d\u00e9poser les sacs dans le bus, nous faisons le tour de la tour de Londres, et sans d\u00e9tour \ud83d\ude01<\/p>\n\n\n\n<p>Un breakfast sal\u00e9 \/ sucr\u00e9 qui sera le repas du midi \u00e9galement. Comme il y a pas mal d&rsquo;attente pour trouver une table pour 5, je me fais un nouveau copain pakistanais.<\/p>\n\n\n\n<p>En mangeant, nous d\u00e9cidons que nous visiterons le Museum of London.<\/p>\n\n\n\n<p>En remontant dans la chambre, celle-ci est nettoy\u00e9e et&#8230; la trousse de toilette a disparue !<\/p>\n\n\n\n<p>Il faut faire appel \u00e0 3 personnes du staff de nettoyage pour enfin retrouver notre bien et pouvoir se laver les dents.<\/p>\n\n\n\n<p>Nous faisons une bonne marche jusqu&rsquo;au mus\u00e9e. Les buildings de la city nous impressionnent et nous faisons ensuite le tour de saint Paul.<\/p>\n\n\n\n<figure class=\"wp-block-image size-large\"><img loading=\"lazy\" decoding=\"async\" width=\"600\" height=\"800\" src=\"https:\/\/blog.chausson.ovh\/wp-content\/uploads\/2020\/02\/j2_1-1.jpg\" alt=\"\" class=\"wp-image-203\" srcset=\"https:\/\/blog.chausson.ovh\/wp-content\/uploads\/2020\/02\/j2_1-1.jpg 600w, https:\/\/blog.chausson.ovh\/wp-content\/uploads\/2020\/02\/j2_1-1-225x300.jpg 225w\" sizes=\"auto, (max-width: 600px) 85vw, 600px\" \/><figcaption> La City (Le quartier d&rsquo;affaires)<\/figcaption><\/figure>\n\n\n\n<p> De Londres pr\u00e9historique jusqu&rsquo;\u00e0 maintenant, en passant par l&rsquo;invasion normande, la peste noire, le grand incendie&#8230; Visite tr\u00e8s int\u00e9ressante. <\/p>\n\n\n\n<figure class=\"wp-block-image size-large is-resized\"><img loading=\"lazy\" decoding=\"async\" src=\"https:\/\/blog.chausson.ovh\/wp-content\/uploads\/2020\/02\/j2_2-1.jpg\" alt=\"\" class=\"wp-image-204\" width=\"643\" height=\"428\" srcset=\"https:\/\/blog.chausson.ovh\/wp-content\/uploads\/2020\/02\/j2_2-1.jpg 800w, https:\/\/blog.chausson.ovh\/wp-content\/uploads\/2020\/02\/j2_2-1-300x200.jpg 300w, https:\/\/blog.chausson.ovh\/wp-content\/uploads\/2020\/02\/j2_2-1-768x512.jpg 768w\" sizes=\"auto, (max-width: 643px) 85vw, 643px\" \/><figcaption> Museum Of London <\/figcaption><\/figure>\n\n\n\n<p> Nous marchons encore une bonne distance pour rejoindre Vicoria embankment o\u00f9 le bus doit se trouver. <\/p>\n\n\n\n<figure class=\"wp-block-image size-large\"><img loading=\"lazy\" decoding=\"async\" width=\"600\" height=\"800\" src=\"https:\/\/blog.chausson.ovh\/wp-content\/uploads\/2020\/02\/j2_3-1.jpg\" alt=\"\" class=\"wp-image-205\" srcset=\"https:\/\/blog.chausson.ovh\/wp-content\/uploads\/2020\/02\/j2_3-1.jpg 600w, https:\/\/blog.chausson.ovh\/wp-content\/uploads\/2020\/02\/j2_3-1-225x300.jpg 225w\" sizes=\"auto, (max-width: 600px) 85vw, 600px\" \/><figcaption> Amine devant la Tamise et \u00ab\u00a0the eye of London\u00a0\u00bb <\/figcaption><\/figure>\n\n\n\n<p>Nous arrivons au rdv sans encombre sous une pluie habituelle ici. Reste maintenant \u00e0 faire le trajet retour en Autocar.<\/p>\n\n\n\n<p>13 000 pas ce jour, soit un peu moins de 9km.<\/p>\n\n\n\n<p>Pendant que je vous r\u00e9dige ce compte rendu de la journ\u00e9e, \u00c9lo\u00efse lit ou plut\u00f4t re-lit son bouquin et Bastien fait ses devoirs avec sa m\u00e8re. Le bus quitte Londres alors que le soleil se couche.<\/p>\n\n\n\n<p>Nous retrouvons nos sacs \u00e0 Villeneuve d&rsquo;Ascq, saluons Amine et reprenons la voiture au parking des 4 cantons. Retour chez nous \u00e0 00h30, le reveil sera difficile je pense.<\/p>\n\n\n\n<p>Fin de cette aventure, \u00e0 bient\u00f4t pour la prochaine !<\/p>\n\n\n\n<p>  <\/div>\n\n\n\n<figure class=\"wp-block-image size-large is-resized is-style-circle-mask\"><img loading=\"lazy\" decoding=\"async\" src=\"https:\/\/blog.chausson.ovh\/wp-content\/uploads\/2020\/02\/IMG_20190126_161627-768x1024.jpg\" alt=\"\" class=\"wp-image-207\" width=\"441\" height=\"588\" srcset=\"https:\/\/blog.chausson.ovh\/wp-content\/uploads\/2020\/02\/IMG_20190126_161627-768x1024.jpg 768w, https:\/\/blog.chausson.ovh\/wp-content\/uploads\/2020\/02\/IMG_20190126_161627-225x300.jpg 225w, https:\/\/blog.chausson.ovh\/wp-content\/uploads\/2020\/02\/IMG_20190126_161627-1152x1536.jpg 1152w, https:\/\/blog.chausson.ovh\/wp-content\/uploads\/2020\/02\/IMG_20190126_161627-1536x2048.jpg 1536w, https:\/\/blog.chausson.ovh\/wp-content\/uploads\/2020\/02\/IMG_20190126_161627-1200x1600.jpg 1200w, https:\/\/blog.chausson.ovh\/wp-content\/uploads\/2020\/02\/IMG_20190126_161627-scaled.jpg 1920w\" sizes=\"auto, (max-width: 441px) 85vw, 441px\" \/><\/figure>\n","protected":false},"excerpt":{"rendered":"<p>Weekend du 26 et 27 janvier 2019 Mise \u00e0 jour 28\/01\/2019 ; Jour 1 et jour 2 affich\u00e9s dans l&rsquo;ordre logique Ajout de Photos Samedi 26 \u00a0janvier Dimanche 27 janvier<\/p>\n","protected":false},"author":2,"featured_media":0,"parent":0,"menu_order":0,"comment_status":"closed","ping_status":"closed","template":"","meta":{"footnotes":""},"class_list":["post-190","page","type-page","status-publish","hentry"],"_links":{"self":[{"href":"https:\/\/blog.chausson.ovh\/index.php\/wp-json\/wp\/v2\/pages\/190","targetHints":{"allow":["GET"]}}],"collection":[{"href":"https:\/\/blog.chausson.ovh\/index.php\/wp-json\/wp\/v2\/pages"}],"about":[{"href":"https:\/\/blog.chausson.ovh\/index.php\/wp-json\/wp\/v2\/types\/page"}],"author":[{"embeddable":true,"href":"https:\/\/blog.chausson.ovh\/index.php\/wp-json\/wp\/v2\/users\/2"}],"replies":[{"embeddable":true,"href":"https:\/\/blog.chausson.ovh\/index.php\/wp-json\/wp\/v2\/comments?post=190"}],"version-history":[{"count":5,"href":"https:\/\/blog.chausson.ovh\/index.php\/wp-json\/wp\/v2\/pages\/190\/revisions"}],"predecessor-version":[{"id":210,"href":"https:\/\/blog.chausson.ovh\/index.php\/wp-json\/wp\/v2\/pages\/190\/revisions\/210"}],"wp:attachment":[{"href":"https:\/\/blog.chausson.ovh\/index.php\/wp-json\/wp\/v2\/media?parent=190"}],"curies":[{"name":"wp","href":"https:\/\/api.w.org\/{rel}","templated":true}]}}