{"id":1165,"date":"2022-07-12T21:26:42","date_gmt":"2022-07-12T20:26:42","guid":{"rendered":"https:\/\/blog.chausson.ovh\/?page_id=1165"},"modified":"2025-08-17T21:10:22","modified_gmt":"2025-08-17T20:10:22","slug":"transardennes-22","status":"publish","type":"page","link":"https:\/\/blog.chausson.ovh\/index.php\/transardennes-22\/","title":{"rendered":"TransArdennes 22"},"content":{"rendered":"\n<p>Ce voyage \u00e9tait pr\u00e9vu de longue date. Notre ami Mika, qui devait partir avec nous  dans cette aventure, nous a quitt\u00e9 subitement fin janvier 2022. Nous pensons bien \u00e0 lui qui \u00e9tait le meilleur cycliste du groupe, toujours partant pour d\u00e9couvrir de nouveaux lieux.<\/p>\n\n\n\n<figure class=\"wp-block-image size-full\"><a href=\"https:\/\/fr.eurovelo.com\/ev19\" target=\"_blank\" rel=\"noopener\"><img loading=\"lazy\" decoding=\"async\" width=\"413\" height=\"92\" src=\"https:\/\/blog.chausson.ovh\/wp-content\/uploads\/2022\/07\/image-1.png\" alt=\"\" class=\"wp-image-1174\" srcset=\"https:\/\/blog.chausson.ovh\/wp-content\/uploads\/2022\/07\/image-1.png 413w, https:\/\/blog.chausson.ovh\/wp-content\/uploads\/2022\/07\/image-1-300x67.png 300w\" sizes=\"auto, (max-width: 413px) 85vw, 413px\" \/><\/a><\/figure>\n\n\n\n<h2 class=\"wp-block-heading\">Vendredi 8 juillet 22<\/h2>\n\n\n\n<ul class=\"wp-block-list\">\n<li>D\u00e9part de la maison tardif apr\u00e8s quelques courses pour le soir et le petit d\u00e9jeuner du lendemain<\/li>\n\n\n\n<li>Nous partons \u00e0 2 voitures de Pecquencourt\n<ul class=\"wp-block-list\">\n<li>Waze nous donne 2 itin\u00e9raires diff\u00e9rents\n<ul class=\"wp-block-list\">\n<li>Miriam arrive \u00e0 19h30 avec 30 minutes de retard<\/li>\n\n\n\n<li>Thomas arrive avec plus de 45 minutes de retard car gros bouchon sur A2 puis routes du valenciennois<\/li>\n<\/ul>\n<\/li>\n\n\n\n<li>Nous appelons le camping pour avoir un accueil apr\u00e8s sa fermeture<\/li>\n<\/ul>\n<\/li>\n\n\n\n<li>Nous installons nos 2 tentes dans le camping du lac de Douzy \u2013 le restaurant est complet et allons donc manger sur la place du village<\/li>\n\n\n\n<li>Arriv\u00e9e tardive de Nicolas, Virginie, Cl\u00e9ment, Arthur et Simon\n<ul class=\"wp-block-list\">\n<li>Nous installons les tentes dans le noir<\/li>\n<\/ul>\n<\/li>\n\n\n\n<li>On se couche assez vite<\/li>\n<\/ul>\n\n\n\n<figure class=\"wp-block-image\"><img loading=\"lazy\" decoding=\"async\" width=\"800\" height=\"600\" src=\"https:\/\/blog.chausson.ovh\/wp-content\/uploads\/2022\/07\/IMG_20220708_220732.jpg\" alt=\"\" class=\"wp-image-1157\" srcset=\"https:\/\/blog.chausson.ovh\/wp-content\/uploads\/2022\/07\/IMG_20220708_220732.jpg 800w, https:\/\/blog.chausson.ovh\/wp-content\/uploads\/2022\/07\/IMG_20220708_220732-300x225.jpg 300w, https:\/\/blog.chausson.ovh\/wp-content\/uploads\/2022\/07\/IMG_20220708_220732-768x576.jpg 768w\" sizes=\"auto, (max-width: 800px) 85vw, 800px\" \/><figcaption class=\"wp-element-caption\">Centre de Douzy<\/figcaption><\/figure>\n\n\n\n<h2 class=\"wp-block-heading\">Samedi 9 juillet 22<\/h2>\n\n\n\n<ul class=\"wp-block-list\">\n<li>R\u00e9veil assez matinal pour certains et nous nous installons sur une table de PicNic \u00e0 l\u2019ombre pour petit d\u00e9jeuner ensemble<\/li>\n\n\n\n<li>Il faut se trouver un briquet pour allumer le r\u00e9chaud que nous avons\n<ul class=\"wp-block-list\">\n<li>nous rencontrons un couple de belges qui en est \u00e9quip\u00e9 et qui quitte le camping pour faire 1.900 km en v\u00e9lo en autonomie (Ardennes, Orl\u00e9ans, Nantes, Bretagne du nord, Le Havre puis retour chez eux \u00e0 Anvers) pour 3 semaines.<\/li>\n<\/ul>\n<\/li>\n\n\n\n<li>Nous partons avec une heure de retard (vers 11h00) mais il faut passer faire qq courses pour la journ\u00e9e.<\/li>\n\n\n\n<li>C\u00f4t\u00e9 Thomas, nous avons choisi de r\u00e9partir la charge des bagages sur l\u2019ensemble des v\u00e9los mais il a fallu quand m\u00eame mettre les duvets et la nourriture dans un sacs \u00e0 dos par personne.<\/li>\n\n\n\n<li>C\u00f4t\u00e9 Nicolas, une sacoche double, des sac \u00e0 dos et surtout une charrette attel\u00e9e au v\u00e9lo de Nicolas. Cette solution est bien pratique mais demande de sacr\u00e9s mollets au cycliste charg\u00e9 !<\/li>\n<\/ul>\n\n\n\n<figure class=\"wp-block-image size-full\"><img loading=\"lazy\" decoding=\"async\" width=\"120\" height=\"120\" src=\"https:\/\/blog.chausson.ovh\/wp-content\/uploads\/2022\/07\/image-13.png\" alt=\"\" class=\"wp-image-1206\" \/><\/figure>\n\n\n\n<ul class=\"wp-block-list\">\n<li>Notre petit groupe de 9 personnes peut donc enfin partir\u2026 mais premi\u00e8re chute d\u2019Elo\u00efse au premier virage avant de rejoindre la Meuse que nous suivrons. Elle est bien sale mais aucun d\u00e9g\u00e2t.<\/li>\n\n\n\n<li>Nous passons Sedan sans vraiment s\u2019en rendre compte puis Charleville-M\u00e9zi\u00e8res.<\/li>\n\n\n\n<li>\u00a0La temp\u00e9rature est id\u00e9ale, pas trop de vent et aucun probl\u00e8me technique jusque l\u00e0.<\/li>\n\n\n\n<li>Nous mangeons notre sandwich et nous nous hydratons bien tout en gardant de l\u2019eau pour finir la journ\u00e9e. Bastien et Simon se font piquer par une gu\u00eape mais Miriam intervient vite avec sa cr\u00e8me. Nous sortons \u00e9galement la cr\u00e8me solaire car le soleil frappe bien maintenant.<\/li>\n\n\n\n<li>Nous passons Nouzonville puis faisons un arr\u00eat chez Graziella pour une boisson rafra\u00eechissante. Nous sommes dans les temps et remplissons les gourdes.<\/li>\n\n\n\n<li>Il reste juste quelques kilom\u00e8tres avant d\u2019arriver \u00e0 Montherm\u00e9 et nous d\u00e9cidons de longer encore la Meuse pour \u00e9viter la route d\u00e9partementale et ses voitures.<\/li>\n\n\n\n<li>Arriv\u00e9e au camping \u201cPort Diseur\u201d de Montherm\u00e9 nous trouvons l\u2019accueil ferm\u00e9. Impossible de joindre quelqu\u2019un du camping. Il est 18h30 et il y a juste un panneau \u201cCOMPLET\u201d.\u00a0<\/li>\n\n\n\n<li>Un campeur nous interpelle et je lui pr\u00e9cise que nous avons bien r\u00e9serv\u00e9 un emplacement pour 9 personnes. Il nous propose 2 emplacements, un au calme et un autre \u00e0 c\u00f4t\u00e9 d\u2019un groupe de n\u00e9erlandais bruyant, selon lui.<\/li>\n\n\n\n<li>Nous optons pour le calme et le repos apr\u00e8s les 63 km dans les jambes.<\/li>\n\n\n\n<li>Quelques douleurs musculaires et surtout aux fesses.<\/li>\n\n\n\n<li>Nous prenons une bonne douche et mangeons \u00e0 la friterie voisine du camping.<\/li>\n<\/ul>\n\n\n\n<div class=\"wp-block-media-text alignwide is-stacked-on-mobile\" style=\"grid-template-columns:26% auto\"><figure class=\"wp-block-media-text__media\"><img loading=\"lazy\" decoding=\"async\" width=\"120\" height=\"120\" src=\"https:\/\/blog.chausson.ovh\/wp-content\/uploads\/2022\/07\/image-12.png\" alt=\"\" class=\"wp-image-1202 size-full\" \/><\/figure><div class=\"wp-block-media-text__content\">\n<p>Alors que nous dormons profond\u00e9ment, un feu d\u2019artifices avec p\u00e9tards nous r\u00e9veille brutalement \u00e0 1h45 du matin. Nous nous remettons de la \u201csurprise\u201d puis nous nous endormons \u00e0 nouveau avant une nouvelle \u201cexplosion\u201d dans le camping 15 minutes apr\u00e8s. La d\u00e9tonation du p\u00e9tard doit s\u2019entendre dans toute la vall\u00e9e !<\/p>\n<\/div><\/div>\n\n\n\n<h2 class=\"wp-block-heading\">Dimanche 10 juillet 22<\/h2>\n\n\n\n<ul class=\"wp-block-list\">\n<li>Nous nous r\u00e9veillons doucement et prenons le petit d\u00e9jeuner sur des tables \u00e0 dispositions de l\u2019accueil. J\u2019en profite pour nous signaler \u00e0 la responsable du camping.<\/li>\n\n\n\n<li>Virginie a pass\u00e9 une tr\u00e8s mauvaise nuit. Elle a une forte douleur aux cuisses puis des douleurs au ventre.<\/li>\n\n\n\n<li>Simon revient \u00e0 la tente pour nous dire que Virginie vient de faire un malaise dans les sanitaires du camping.<\/li>\n\n\n\n<li>Virginie se retrouve peu de temps apr\u00e8s dans l\u2019accueil du camping avec les pompiers autour d\u2019elle. <\/li>\n<\/ul>\n\n\n\n<div class=\"wp-block-media-text alignwide is-stacked-on-mobile\" style=\"grid-template-columns:15% auto\"><figure class=\"wp-block-media-text__media\"><img loading=\"lazy\" decoding=\"async\" width=\"120\" height=\"120\" src=\"https:\/\/blog.chausson.ovh\/wp-content\/uploads\/2022\/07\/image-2.png\" alt=\"\" class=\"wp-image-1186 size-full\" \/><\/figure><div class=\"wp-block-media-text__content\">\n<p>Elle part avec eux pour les urgences de Charleville sans vraiment savoir la cause du malaise, \u00e0 priori le ventre.<\/p>\n<\/div><\/div>\n\n\n\n<ul class=\"wp-block-list\">\n<li>Changement d\u2019organisation. Nous d\u00e9cidons de revenir \u00e0 notre premier camping (Douzy)<\/li>\n\n\n\n<li>Nous laissons le VTT de Virginie + la remorque de Nicolas \u00e0 Montherm\u00e9\u00a0<\/li>\n\n\n\n<li>Nicolas pense bien \u00e0 mettre le gros cadenas\u00a0 pour s\u00e9curiser notre mat\u00e9riel qui va rester \u00e0 c\u00f4t\u00e9 de l\u2019accueil sans surveillance.\n<ul class=\"wp-block-list\">\n<li>Il revient sur l\u2019emplacement sans la cl\u00e9. Zut ! o\u00f9 est cette cl\u00e9 ??<\/li>\n\n\n\n<li>Nous la retrouverons quelques minutes plus tard dans l\u2019herbe. Ouf !<\/li>\n<\/ul>\n<\/li>\n<\/ul>\n\n\n\n<div class=\"wp-block-media-text alignwide is-stacked-on-mobile\" style=\"grid-template-columns:15% auto\"><figure class=\"wp-block-media-text__media\"><img loading=\"lazy\" decoding=\"async\" width=\"120\" height=\"120\" src=\"https:\/\/blog.chausson.ovh\/wp-content\/uploads\/2022\/07\/image-11.png\" alt=\"\" class=\"wp-image-1200 size-full\" \/><\/figure><div class=\"wp-block-media-text__content\">\n<p>Nous voici \u00e0 8 en direction de la gare de Montherm\u00e9 ou de Bogny, on ne sait plus trop, on veut juste une gare.<\/p>\n<\/div><\/div>\n\n\n\n<ul class=\"wp-block-list\">\n<li>Nicolas, Cl\u00e9ment, Arthur et Simon prennent la t\u00eate du convoi qui doit attraper le prochain train. Miriam, Thomas, Elo\u00efse et Bastien tentent de suivre le rythme et se retrouvent sur le pont de Bogny. On n\u2019a pas vu de gare ?<\/li>\n\n\n\n<li>Coup de t\u00e9l\u00e9phone. \u201cVous \u00eates partis trop loin, revenez vite sur vos pas\u201d.<\/li>\n\n\n\n<li>Une passerelle \u00e0 passer avec les v\u00e9los tr\u00e8s charg\u00e9s. On s\u2019organise et 2 personnes par v\u00e9lo pour monter toutes les marches. OK, on est dans les temps<\/li>\n\n\n\n<li>Dans le train, on se r\u00e9partit sur plusieurs voitures. C\u2019est climatis\u00e9 et on peut souffler un peu.<\/li>\n\n\n\n<li>Charleville, changement de train. Le train suivant est sur le quai en face, parfait !<\/li>\n\n\n\n<li>Le contr\u00f4leur du train passe et nous voyons que nous n\u2019avons pas valid\u00e9 le titre de transport. L\u2019agent ne fait m\u00eame pas de remarque mais nous voyons que nous avons achet\u00e9 9 places, comme quoi Virginie nous accompagne toujours, m\u00eame absente !<\/li>\n\n\n\n<li>Sortis du train, nous pensons manger tranquillement le repas que Miriam a achet\u00e9 in-extremis avant la fermeture du magasin \u00e0 Montherm\u00e9.<\/li>\n\n\n\n<li>A la sortie de la gare de Sedan. Mais o\u00f9 est donc le sac avec les pains de mie ?? Le sac de Simon a \u00e9t\u00e9 oubli\u00e9 dans le dernier train ! Non, peut-\u00eatre plus dans le train d\u2019avant !<\/li>\n\n\n\n<li>Nicolas va questionner le guichet SNCF un bon moment avant d\u2019avoir des nouvelles du bon sac.<\/li>\n\n\n\n<li>Pendant ce temps, nous recevons des SMS de Virginie qui passe de nombreux examens \u00e0 l\u2019h\u00f4pital.<\/li>\n\n\n\n<li>Nous avons cependant largement assez \u00e0 manger. Nous remontons sur nos v\u00e9los pour une derni\u00e8re heure.. Le mal de fesses se fait sentir d\u00e8s les premi\u00e8res minutes.<\/li>\n\n\n\n<li>Nous longeons la Meuse comme \u00e0 l\u2019aller. Il fait toujours aussi bon.<\/li>\n\n\n\n<li>Nous annulons le camping de Givet, appelons le camping de Douzy pour une nouvelle nuit. Le restaurant du camping n\u2019est toujours pas possible (m\u00eame restaurant que vendredi soir).<\/li>\n\n\n\n<li>Arriv\u00e9e au camping, nous r\u00e9cup\u00e9rons le m\u00eame emplacement et nos voitures.<\/li>\n\n\n\n<li>Nous installons les tentes que nous avons sur les v\u00e9los. Nicolas va partir chercher son mat\u00e9riel rest\u00e9 \u00e0 Montherm\u00e9 puis passer voir Virginie.<\/li>\n\n\n\n<li>Arthur se joint \u00e0 lui pour ce p\u00e9riple qui prendra l\u2019apr\u00e8s-midi. Ils croisent une voiture en feu sur leur route\u2026 et plus rien ne nous \u00e9tonne !<\/li>\n\n\n\n<li>La voiture charg\u00e9e, Arthur et Nicolas se dirigent vers l\u2019h\u00f4pital qui est d\u00e9j\u00e0 ferm\u00e9. Impossible de voir Virginie ni m\u00eame de lui donner un chargeur de t\u00e9l\u00e9phone ou des habits : l\u2019op\u00e9ration Urbex de Nico se soldera par un \u00e9chec.<\/li>\n\n\n\n<li>Pendant ce temps l\u00e0 au camping, nous attendons des nouvelles et partons faire un Bowling et boire un coup.<\/li>\n\n\n\n<li>Nicolas et Arthur nous rejoignent et Virginie est sortie du bloc op\u00e9ratoire. Une intervention sur le rein a \u00e9t\u00e9 faite. Il s\u2019agissait de coliques n\u00e9phr\u00e9tiques (calculs r\u00e9naux).<\/li>\n\n\n\n<li>Avant l\u2019anesth\u00e9sie de Virginie, un test COVID est fait. POSITIF ! Le personnel hospitalier doit ressortir et se changer pour revenir en tenue de pand\u00e9mie ! Depuis plus de 2 ans, Virginie avait toujours soigneusement \u00e9vit\u00e9 ce virus.<\/li>\n\n\n\n<li>De notre cot\u00e9, nous mangeons au camping. Installons toutes les autres tentes.<\/li>\n\n\n\n<li>Au lit de bonne heure. La journ\u00e9e fut \u00e9prouvante.<\/li>\n<\/ul>\n\n\n\n<h2 class=\"wp-block-heading\">Lundi 11 juillet 22<\/h2>\n\n\n\n<ul class=\"wp-block-list\">\n<li>Nous attendons de savoir si Virginie va pouvoir sortir ce jour. C\u2019est OK pour ce matin.<\/li>\n\n\n\n<li>Et puis changement de programme, pas ce matin mais plut\u00f4t cet apr\u00e8s-midi.<\/li>\n\n\n\n<li>Cl\u00e9ment et Thomas vont acheter les derniers sandwiches de la boulangerie de Douzy et nous mangeons encore au camping.<\/li>\n<\/ul>\n\n\n\n<ul class=\"wp-block-list\">\n<li>Arthur perd ses lunettes pendant le tournage de son prochain film. On les retrouvera quelques minutes plus tard.<\/li>\n\n\n\n<li>Virginie appelle pour le GO du d\u00e9part. Retour \u00e0 Saint Jans via l\u2019h\u00f4pital pour la famille de Nicolas.<\/li>\n\n\n\n<li>Retour en 2 voitures pour Thomas et Miriam vers Pecquencourt.<\/li>\n<\/ul>\n\n\n\n<figure class=\"wp-block-image\"><img loading=\"lazy\" decoding=\"async\" width=\"800\" height=\"600\" src=\"https:\/\/blog.chausson.ovh\/wp-content\/uploads\/2022\/07\/IMG_20220711_095928.jpg\" alt=\"\" class=\"wp-image-1159\" srcset=\"https:\/\/blog.chausson.ovh\/wp-content\/uploads\/2022\/07\/IMG_20220711_095928.jpg 800w, https:\/\/blog.chausson.ovh\/wp-content\/uploads\/2022\/07\/IMG_20220711_095928-300x225.jpg 300w, https:\/\/blog.chausson.ovh\/wp-content\/uploads\/2022\/07\/IMG_20220711_095928-768x576.jpg 768w\" sizes=\"auto, (max-width: 800px) 85vw, 800px\" \/><figcaption class=\"wp-element-caption\">Petit D\u00e9j du dernier jour, au bord du lac de Douzy<\/figcaption><\/figure>\n\n\n\n<h2 class=\"wp-block-heading\">Pour conclure<\/h2>\n\n\n\n<p>Une seule mais tr\u00e8s belle \u00e9tape de 63km dans de tr\u00e8s bonnes conditions. La m\u00e9t\u00e9o \u00e9tait id\u00e9ale du premier au dernier jour.<\/p>\n\n\n\n<p>On se souviendra aussi des nombreux rebondissements.<\/p>\n\n\n\n<p>Les nouvelles de Virginie sont rassurantes mais c\u2019est les sympt\u00f4mes du COVID qui la g\u00eanent actuellement.<\/p>\n","protected":false},"excerpt":{"rendered":"<p>Ce voyage \u00e9tait pr\u00e9vu de longue date. Notre ami Mika, qui devait partir avec nous dans cette aventure, nous a quitt\u00e9 subitement fin janvier 2022. Nous pensons bien \u00e0 lui qui \u00e9tait le meilleur cycliste du groupe, toujours partant pour d\u00e9couvrir de nouveaux lieux. Vendredi 8 juillet 22 Samedi 9 juillet 22 Alors que nous &hellip; <a href=\"https:\/\/blog.chausson.ovh\/index.php\/transardennes-22\/\" class=\"more-link\">Continuer la lecture<span class=\"screen-reader-text\"> de &laquo;&nbsp;TransArdennes 22&nbsp;&raquo;<\/span><\/a><\/p>\n","protected":false},"author":2,"featured_media":0,"parent":0,"menu_order":0,"comment_status":"closed","ping_status":"closed","template":"","meta":{"footnotes":""},"class_list":["post-1165","page","type-page","status-publish","hentry"],"_links":{"self":[{"href":"https:\/\/blog.chausson.ovh\/index.php\/wp-json\/wp\/v2\/pages\/1165","targetHints":{"allow":["GET"]}}],"collection":[{"href":"https:\/\/blog.chausson.ovh\/index.php\/wp-json\/wp\/v2\/pages"}],"about":[{"href":"https:\/\/blog.chausson.ovh\/index.php\/wp-json\/wp\/v2\/types\/page"}],"author":[{"embeddable":true,"href":"https:\/\/blog.chausson.ovh\/index.php\/wp-json\/wp\/v2\/users\/2"}],"replies":[{"embeddable":true,"href":"https:\/\/blog.chausson.ovh\/index.php\/wp-json\/wp\/v2\/comments?post=1165"}],"version-history":[{"count":14,"href":"https:\/\/blog.chausson.ovh\/index.php\/wp-json\/wp\/v2\/pages\/1165\/revisions"}],"predecessor-version":[{"id":2959,"href":"https:\/\/blog.chausson.ovh\/index.php\/wp-json\/wp\/v2\/pages\/1165\/revisions\/2959"}],"wp:attachment":[{"href":"https:\/\/blog.chausson.ovh\/index.php\/wp-json\/wp\/v2\/media?parent=1165"}],"curies":[{"name":"wp","href":"https:\/\/api.w.org\/{rel}","templated":true}]}}