{"id":1088,"date":"2021-10-26T15:07:55","date_gmt":"2021-10-26T14:07:55","guid":{"rendered":"http:\/\/blog.chausson.ovh\/?page_id=1088"},"modified":"2021-11-15T21:06:11","modified_gmt":"2021-11-15T20:06:11","slug":"bruxelles-2021","status":"publish","type":"page","link":"https:\/\/blog.chausson.ovh\/index.php\/bruxelles-2021\/","title":{"rendered":"Bruxelles 2021"},"content":{"rendered":"\n<p>Nous partons du mercredi 27 au 29 octobre 2021 pour visiter la capitale belge.<\/p>\n\n\n\n<p><\/p>\n\n\n\n<h2 class=\"wp-block-heading\">Mercredi 27 octobre 2021 &#8211; J1<\/h2>\n\n\n\n<span class=\"collapseomatic \" id=\"id69fb1da7474e3\"  tabindex=\"0\" title=\"Plier\/D\u00e9plier\"    >Plier\/D\u00e9plier<\/span><div id=\"target-id69fb1da7474e3\" class=\"collapseomatic_content \">\n\n\n\n<p><\/p>\n\n\n\n<p>Bonjour,<\/p>\n\n\n\n<p>Nous sommes partis ce matin de Pecquencourt pour nous rendre \u00e0 la gare de Tournai. On d\u00e9pose sur le trajet notre v\u00e9hicule \u00e0 Baisieux et Philippe nous conduit \u00e0 la gare SNCB qui semble d\u00e9mesur\u00e9e pour y proposer seulement 2 guichets.<\/p>\n\n\n\n<p>13,50\u20ac pour un trajet simple pour un adulte, le prix est vraiment abordable.<\/p>\n\n\n\n<p>Une bonne heure de train plus tard puis nous parcourons la gare du midi \u00e0 la recherche du tram 81.  <\/p>\n\n\n\n<p>Nous descendons \u00e0 l&rsquo;arr\u00eat Levure pour rejoindre la rue de la Brasserie.<\/p>\n\n\n\n<p>Nous posons nos sacs dans notre nouvel appartement pour 4 jours. C&rsquo;est tr\u00e8s grand, pr\u00e8s de 120 m2 !<\/p>\n\n\n\n<p>Le restaurant \u00e0 quelques pas d&rsquo;ici propose des salades halloumi (fromage) avec un pain type naan. Rapide, d\u00e9licieux et pas cher.<\/p>\n\n\n\n<figure class=\"wp-block-image size-large\"><img loading=\"lazy\" decoding=\"async\" width=\"1024\" height=\"768\" src=\"https:\/\/blog.chausson.ovh\/wp-content\/uploads\/2021\/10\/bxl_j1_03.jpg\" alt=\"\" class=\"wp-image-1103\" srcset=\"https:\/\/blog.chausson.ovh\/wp-content\/uploads\/2021\/10\/bxl_j1_03.jpg 1024w, https:\/\/blog.chausson.ovh\/wp-content\/uploads\/2021\/10\/bxl_j1_03-300x225.jpg 300w, https:\/\/blog.chausson.ovh\/wp-content\/uploads\/2021\/10\/bxl_j1_03-768x576.jpg 768w\" sizes=\"auto, (max-width: 709px) 85vw, (max-width: 909px) 67vw, (max-width: 1362px) 62vw, 840px\" \/><figcaption>Restaurant en bas de chez nous<\/figcaption><\/figure>\n\n\n\n<p>Visite de la maison de l&rsquo;histoire europ\u00e9enne. Le mus\u00e9e qui s&rsquo;\u00e9tend sur 6 \u00e9tages est dans le quartier europ\u00e9en. <\/p>\n\n\n\n<figure class=\"wp-block-image size-large\"><img loading=\"lazy\" decoding=\"async\" width=\"768\" height=\"1024\" src=\"https:\/\/blog.chausson.ovh\/wp-content\/uploads\/2021\/10\/bxl_j1_01.jpg\" alt=\"\" class=\"wp-image-1102\" srcset=\"https:\/\/blog.chausson.ovh\/wp-content\/uploads\/2021\/10\/bxl_j1_01.jpg 768w, https:\/\/blog.chausson.ovh\/wp-content\/uploads\/2021\/10\/bxl_j1_01-225x300.jpg 225w\" sizes=\"auto, (max-width: 768px) 85vw, 768px\" \/><figcaption>Maison de l&rsquo;histoire europ\u00e9enne<\/figcaption><\/figure>\n\n\n\n<p>En sortant, nous nous rendons, toujours \u00e0 pied, \u00e0 l&rsquo;arche du cinquantenaire. <\/p>\n\n\n\n<figure class=\"wp-block-image size-large\"><img loading=\"lazy\" decoding=\"async\" width=\"1024\" height=\"768\" src=\"https:\/\/blog.chausson.ovh\/wp-content\/uploads\/2021\/10\/bxl_j1_02.jpg\" alt=\"\" class=\"wp-image-1104\" srcset=\"https:\/\/blog.chausson.ovh\/wp-content\/uploads\/2021\/10\/bxl_j1_02.jpg 1024w, https:\/\/blog.chausson.ovh\/wp-content\/uploads\/2021\/10\/bxl_j1_02-300x225.jpg 300w, https:\/\/blog.chausson.ovh\/wp-content\/uploads\/2021\/10\/bxl_j1_02-768x576.jpg 768w\" sizes=\"auto, (max-width: 709px) 85vw, (max-width: 909px) 67vw, (max-width: 1362px) 62vw, 840px\" \/><figcaption>Parc du cinquantenaire<\/figcaption><\/figure>\n\n\n\n<p>Nous traversons le parc puis revenons vers Ixelles en nous arr\u00eatant pour quelques courses.<\/p>\n\n\n\n<p>Nous avons fait 13 200 pas, soit 8,5 km.<\/p>\n\n\n\n<p>Soir\u00e9e Stranger Things \u00e0 l&rsquo;appartement.<\/p>\n\n\n\n<p>A demain.<\/p>\n\n\n\n<p>Thomas<\/p>\n\n\n\n<\/div>\n\n\n\n<p><\/p>\n\n\n\n<h2 class=\"wp-block-heading\">Jeudi 28 octobre 2021 &#8211; J2<\/h2>\n\n\n\n<span class=\"collapseomatic \" id=\"id69fb1da7478a9\"  tabindex=\"0\" title=\"Plier\/D\u00e9plier\"    >Plier\/D\u00e9plier<\/span><div id=\"target-id69fb1da7478a9\" class=\"collapseomatic_content \">\n\n\n\n<p><\/p>\n\n\n\n<p>Bonjour,<\/p>\n\n\n\n<p>Pour aujourd&rsquo;hui, nous avions r\u00e9serv\u00e9 l&rsquo;Expo Banksy. Nous prenons donc le bus nonante cinq pour la Grande place. L&rsquo;Expo est dans un b\u00e2timent donnant directement sur cette magnifique place, qui est sous le soleil ce jour.<\/p>\n\n\n\n<p>Nous avons d\u00e9couvert les \u0153uvres de l&rsquo;artiste lors de la pr\u00e9paration de ce voyage. Nous ne connaissions que son nom avant que mon ancien coll\u00e8gue nous conseille l&rsquo;Expo.<\/p>\n\n\n\n<p>Et bien.. une superbe exposition qui fait r\u00e9fl\u00e9chir !<\/p>\n\n\n\n<figure class=\"wp-block-image size-large\"><img loading=\"lazy\" decoding=\"async\" width=\"1024\" height=\"768\" src=\"https:\/\/blog.chausson.ovh\/wp-content\/uploads\/2021\/10\/bxl_j2_01.jpg\" alt=\"\" class=\"wp-image-1110\" srcset=\"https:\/\/blog.chausson.ovh\/wp-content\/uploads\/2021\/10\/bxl_j2_01.jpg 1024w, https:\/\/blog.chausson.ovh\/wp-content\/uploads\/2021\/10\/bxl_j2_01-300x225.jpg 300w, https:\/\/blog.chausson.ovh\/wp-content\/uploads\/2021\/10\/bxl_j2_01-768x576.jpg 768w\" sizes=\"auto, (max-width: 709px) 85vw, (max-width: 909px) 67vw, (max-width: 1362px) 62vw, 840px\" \/><figcaption>Banksy&rsquo;s collection<\/figcaption><\/figure>\n\n\n\n<figure class=\"wp-block-image size-large\"><img loading=\"lazy\" decoding=\"async\" width=\"710\" height=\"1024\" src=\"https:\/\/blog.chausson.ovh\/wp-content\/uploads\/2021\/10\/bxl_j2_02_copy_768x1108-710x1024.jpg\" alt=\"\" class=\"wp-image-1112\" srcset=\"https:\/\/blog.chausson.ovh\/wp-content\/uploads\/2021\/10\/bxl_j2_02_copy_768x1108-710x1024.jpg 710w, https:\/\/blog.chausson.ovh\/wp-content\/uploads\/2021\/10\/bxl_j2_02_copy_768x1108-208x300.jpg 208w, https:\/\/blog.chausson.ovh\/wp-content\/uploads\/2021\/10\/bxl_j2_02_copy_768x1108.jpg 768w\" sizes=\"auto, (max-width: 710px) 85vw, 710px\" \/><figcaption>Miriam en pleine r\u00e9flexion \ud83d\ude0a<\/figcaption><\/figure>\n\n\n\n<p>Ce midi, nous avons mang\u00e9 nos sandwichs sur la place ensoleill\u00e9e. Pour dessert, une gaufre de Li\u00e8ge ou de Bruxelles devant le Manneken pis.<\/p>\n\n\n\n<figure class=\"wp-block-image size-large\"><img loading=\"lazy\" decoding=\"async\" width=\"1024\" height=\"768\" src=\"https:\/\/blog.chausson.ovh\/wp-content\/uploads\/2021\/10\/bxl_j2_03.jpg\" alt=\"\" class=\"wp-image-1118\" srcset=\"https:\/\/blog.chausson.ovh\/wp-content\/uploads\/2021\/10\/bxl_j2_03.jpg 1024w, https:\/\/blog.chausson.ovh\/wp-content\/uploads\/2021\/10\/bxl_j2_03-300x225.jpg 300w, https:\/\/blog.chausson.ovh\/wp-content\/uploads\/2021\/10\/bxl_j2_03-768x576.jpg 768w\" sizes=\"auto, (max-width: 709px) 85vw, (max-width: 909px) 67vw, (max-width: 1362px) 62vw, 840px\" \/><figcaption>Devant le Manneken<\/figcaption><\/figure>\n\n\n\n<p>Pas trop loin de la, nous recherchons les guichets pour le mus\u00e9e Magritte. Le mus\u00e9e est sur plusieurs \u00e9tages. Les \u0153uvres sont \u00e9tonnantes et la vie de l&rsquo;artiste bien d\u00e9crite. C&rsquo;est cependant pas toujours facile de comprendre la signification. L&rsquo;audio guide aurait \u00e9t\u00e9 une bonne id\u00e9e je pense.<\/p>\n\n\n\n<figure class=\"wp-block-image size-large\"><img loading=\"lazy\" decoding=\"async\" width=\"368\" height=\"443\" src=\"https:\/\/blog.chausson.ovh\/wp-content\/uploads\/2021\/10\/magritte-la-bonne-foi-p.jpg\" alt=\"\" class=\"wp-image-1116\" srcset=\"https:\/\/blog.chausson.ovh\/wp-content\/uploads\/2021\/10\/magritte-la-bonne-foi-p.jpg 368w, https:\/\/blog.chausson.ovh\/wp-content\/uploads\/2021\/10\/magritte-la-bonne-foi-p-249x300.jpg 249w\" sizes=\"auto, (max-width: 368px) 85vw, 368px\" \/><figcaption>Mus\u00e9e Magritte<\/figcaption><\/figure>\n\n\n\n<p>Sur la route retour, petites courses puis ap\u00e9ro chez nous.<\/p>\n\n\n\n<p>Ce soir, nous testons les fameuses frites de la place Flagey (\u00e0 300 m de chez nous). Elles sont r\u00e9put\u00e9es \u00eatre les meilleures de Belgique, voire m\u00eame du monde \ud83d\ude04.<\/p>\n\n\n\n<p>Elles sont effectivement d\u00e9licieuses \ud83c\udf5f.<\/p>\n\n\n\n<p>Soir\u00e9e TV devant un vieux classique du cin\u00e9ma : Ghost.<\/p>\n\n\n\n<p>A demain pour la suite.<\/p>\n\n\n\n<\/div>\n\n\n\n<p><\/p>\n\n\n\n<h2 class=\"wp-block-heading\">Vendredi 29 octobre 2021 &#8211; J3<\/h2>\n\n\n\n<span class=\"collapseomatic \" id=\"id69fb1da747b86\"  tabindex=\"0\" title=\"Plier\/D\u00e9plier\"    >Plier\/D\u00e9plier<\/span><div id=\"target-id69fb1da747b86\" class=\"collapseomatic_content \">\n\n\n\n<p><\/p>\n\n\n\n<p>Bonjour,<\/p>\n\n\n\n<p>Petit d\u00e9jeuner assez tardif, nous quittons l&rsquo;appartement pour prendre un bus avec une correspondance m\u00e9tro pour Heysel.<\/p>\n\n\n\n<p>Le stade Baudouin est \u00e0 c\u00f4t\u00e9 de l&rsquo;Atomium et nos e-tickets nous \u00e9vitent l&rsquo;attente. La mol\u00e9cule de cristal de fer agrandie 165 milliards de fois (l&rsquo;Atomium) est r\u00e9nov\u00e9 et propose une exposition retra\u00e7ant l&rsquo;histoire de l&rsquo;exposition universelle de 1958.<\/p>\n\n\n\n<figure class=\"wp-block-image size-large\"><img loading=\"lazy\" decoding=\"async\" width=\"768\" height=\"1024\" src=\"https:\/\/blog.chausson.ovh\/wp-content\/uploads\/2021\/11\/bxl_j3_02.jpg\" alt=\"\" class=\"wp-image-1126\" srcset=\"https:\/\/blog.chausson.ovh\/wp-content\/uploads\/2021\/11\/bxl_j3_02.jpg 768w, https:\/\/blog.chausson.ovh\/wp-content\/uploads\/2021\/11\/bxl_j3_02-225x300.jpg 225w\" sizes=\"auto, (max-width: 768px) 85vw, 768px\" \/><figcaption>Vue du haut de l&rsquo;Atomium<\/figcaption><\/figure>\n\n\n\n<p>A la sortie de l&rsquo;\u00e9difice, nous choisissons un restaurant italien  pour y manger pizza\ud83c\udf55 et lasagne. Une fois rassasi\u00e9s, direction mini Europe sous l&rsquo;Atomium.<\/p>\n\n\n\n<figure class=\"wp-block-image size-large\"><img loading=\"lazy\" decoding=\"async\" width=\"1024\" height=\"768\" src=\"https:\/\/blog.chausson.ovh\/wp-content\/uploads\/2021\/11\/bxl_j3_01.jpg\" alt=\"\" class=\"wp-image-1128\" srcset=\"https:\/\/blog.chausson.ovh\/wp-content\/uploads\/2021\/11\/bxl_j3_01.jpg 1024w, https:\/\/blog.chausson.ovh\/wp-content\/uploads\/2021\/11\/bxl_j3_01-300x225.jpg 300w, https:\/\/blog.chausson.ovh\/wp-content\/uploads\/2021\/11\/bxl_j3_01-768x576.jpg 768w\" sizes=\"auto, (max-width: 709px) 85vw, (max-width: 909px) 67vw, (max-width: 1362px) 62vw, 840px\" \/><figcaption>Parc Mini Europe<\/figcaption><\/figure>\n\n\n\n<p>Les diff\u00e9rents pays y sont repr\u00e9sent\u00e9s et halloween oblige \ud83c\udf83, la d\u00e9coration du parc est revue.\ud83d\udc7b Nous y restons un bon moment avant que la pluie arrive. <\/p>\n\n\n\n<p>Nous pr\u00e9f\u00e9rons annuler la balade dans le parc de Laeken et reprendre le m\u00e9tro pour revenir chez nous.<\/p>\n\n\n\n<p>Petites courses puis ap\u00e9ro.<\/p>\n\n\n\n<p class=\"has-text-align-left\">Soir\u00e9e vid\u00e9o avec le dernier film de Dany Boon \u00ab\u00a08 rue de l&rsquo;humanit\u00e9\u00a0\u00bb. Une com\u00e9die sur la crise du COVID. Un bon divertissement \ud83d\ude0a<\/p>\n\n\n\n<div class=\"wp-block-image is-style-rounded\"><figure class=\"aligncenter\"><a href=\"https:\/\/www.allocine.fr\/film\/fichefilm_gen_cfilm=283590.html\" target=\"_blank\" rel=\"noopener\"><img decoding=\"async\" src=\"https:\/\/images.cinefil.com\/movies\/1096177_196x294.webp\" alt=\"\"\/><\/a><\/figure><\/div>\n\n\n\n<\/div>\n\n\n\n<h2 class=\"wp-block-heading\">Samedi 30 octobre 2021 &#8211; J4<\/h2>\n\n\n\n<span class=\"collapseomatic \" id=\"id69fb1da747e1a\"  tabindex=\"0\" title=\"Plier\/D\u00e9plier\"    >Plier\/D\u00e9plier<\/span><div id=\"target-id69fb1da747e1a\" class=\"collapseomatic_content \">\n\n\n\n<p><\/p>\n\n\n\n<p>Bonjour,<\/p>\n\n\n\n<p>Nous avions pr\u00e9vu la visite du mus\u00e9e belge de la bande dessin\u00e9e aujourd&rsquo;hui mais&#8230;<\/p>\n\n\n\n<p>Au petit d\u00e9jeuner, en v\u00e9rifiant les horaires SNCB, nous d\u00e9couvrons qu&rsquo;il n&rsquo;y a pas de train pour Tournai. Un bus est positionn\u00e9 en remplacement d&rsquo;un train ! <\/p>\n\n\n\n<p>Nous changeons donc de plan. Il faut soit arriver tr\u00e8s t\u00f4t pour trouver ce bus ou passer par Courtrai. Nous optons pour la seconde solution.<\/p>\n\n\n\n<p>Changement des billets sans difficult\u00e9 au guichet SNCB de la gare du Midi.<\/p>\n\n\n\n<p>Retour par Courtrai avec un changement \u00e0 Gand. Retard du second train de 35 minutes. SNCB = SNCF \ud83d\ude0a <\/p>\n\n\n\n<p>Il nous faudra revenir \u00e0 BXL pour le mus\u00e9e de la BD une prochaine fois.<\/p>\n\n\n\n<figure class=\"wp-block-image size-large\"><img loading=\"lazy\" decoding=\"async\" width=\"1024\" height=\"768\" src=\"https:\/\/blog.chausson.ovh\/wp-content\/uploads\/2021\/11\/bxl_j3_03.jpg\" alt=\"\" class=\"wp-image-1130\" srcset=\"https:\/\/blog.chausson.ovh\/wp-content\/uploads\/2021\/11\/bxl_j3_03.jpg 1024w, https:\/\/blog.chausson.ovh\/wp-content\/uploads\/2021\/11\/bxl_j3_03-300x225.jpg 300w, https:\/\/blog.chausson.ovh\/wp-content\/uploads\/2021\/11\/bxl_j3_03-768x576.jpg 768w\" sizes=\"auto, (max-width: 709px) 85vw, (max-width: 909px) 67vw, (max-width: 1362px) 62vw, 840px\" \/><figcaption>\u00c9lo\u00efse et Bastien dans le m\u00e9tro bruxellois<\/figcaption><\/figure>\n\n\n\n<p>A la prochaine pour un nouveau voyage !<\/p>\n\n\n\n<\/div>\n","protected":false},"excerpt":{"rendered":"<p>Nous partons du mercredi 27 au 29 octobre 2021 pour visiter la capitale belge. Mercredi 27 octobre 2021 &#8211; J1 Jeudi 28 octobre 2021 &#8211; J2 Vendredi 29 octobre 2021 &#8211; J3 Samedi 30 octobre 2021 &#8211; J4<\/p>\n","protected":false},"author":2,"featured_media":0,"parent":0,"menu_order":0,"comment_status":"closed","ping_status":"closed","template":"","meta":{"footnotes":""},"class_list":["post-1088","page","type-page","status-publish","hentry"],"_links":{"self":[{"href":"https:\/\/blog.chausson.ovh\/index.php\/wp-json\/wp\/v2\/pages\/1088","targetHints":{"allow":["GET"]}}],"collection":[{"href":"https:\/\/blog.chausson.ovh\/index.php\/wp-json\/wp\/v2\/pages"}],"about":[{"href":"https:\/\/blog.chausson.ovh\/index.php\/wp-json\/wp\/v2\/types\/page"}],"author":[{"embeddable":true,"href":"https:\/\/blog.chausson.ovh\/index.php\/wp-json\/wp\/v2\/users\/2"}],"replies":[{"embeddable":true,"href":"https:\/\/blog.chausson.ovh\/index.php\/wp-json\/wp\/v2\/comments?post=1088"}],"version-history":[{"count":28,"href":"https:\/\/blog.chausson.ovh\/index.php\/wp-json\/wp\/v2\/pages\/1088\/revisions"}],"predecessor-version":[{"id":1141,"href":"https:\/\/blog.chausson.ovh\/index.php\/wp-json\/wp\/v2\/pages\/1088\/revisions\/1141"}],"wp:attachment":[{"href":"https:\/\/blog.chausson.ovh\/index.php\/wp-json\/wp\/v2\/media?parent=1088"}],"curies":[{"name":"wp","href":"https:\/\/api.w.org\/{rel}","templated":true}]}}